{"id":1185206,"date":"2024-06-12T08:17:38","date_gmt":"2024-06-12T08:17:38","guid":{"rendered":"http:\/\/ebuys.co\/shop\/automatiske-poolrensere-intex-zx50\/"},"modified":"2024-06-12T08:17:38","modified_gmt":"2024-06-12T08:17:38","slug":"automatiske-poolrensere-intex-zx50","status":"publish","type":"product","link":"https:\/\/ebuys.co\/da\/shop\/automatiske-poolrensere-intex-zx50\/","title":{"rendered":"Automatiske poolrensere Intex ZX50"},"content":{"rendered":"<p>Dyk ned i ubesv\u00e6ret poolvedligeholdelse med<strong> Simple Shopping ZX50 automatisk poolreng\u00f8ringssystem<\/strong>, som nu f\u00e5s hos Simple Shopping! Vores omfattende katalog med sommerprodukter er designet til at opfylde alle dine s\u00e6sonbestemte behov og indeholder de nyeste og mest effektive automatiske poolrensere p\u00e5 markedet. Uanset om du forbereder dig p\u00e5 en sjov dag p\u00e5 stranden, slapper af ved poolen eller tager p\u00e5 eventyr i bjergene, s\u00e5 er du d\u00e6kket ind med Simple Shopping. Med den automatiske poolrenser Simple Shopping ZX50 kan du nyde krystalklart vand uden besv\u00e6r, s\u00e5 du kan fokusere p\u00e5 at skabe minder.<\/p>\n<h3>Vigtige funktioner:<\/h3>\n<ul>\n<li><strong>Materiale:<\/strong> Holdbar plast af h\u00f8j kvalitet til langvarig brug.<\/li>\n<li><strong>Inkluderer:<\/strong> Vigtigt tilbeh\u00f8r til optimal ydelse.<\/li>\n<li><strong>Produkt med stik:<\/strong> Intet behov for elektricitet, hvilket giver en sikker og enkel betjening.<\/li>\n<\/ul>\n<h3>Hvorfor v\u00e6lge Simple Shopping ZX50 automatisk poolrensningssystem?<\/h3>\n<h4>1. <strong>Ubesv\u00e6ret vedligeholdelse<\/strong><\/h4>\n<p>Intex ZX50 er designet til at fjerne stress fra poolreng\u00f8ring. Med den automatiske drift kan du indstille den og lade den g\u00f8re arbejdet, mens du slapper af. Den fjerner effektivt snavs, blade og skidt og sikrer, at din pool forbliver indbydende og ren.<\/p>\n<h4>2. <strong>Holdbar konstruktion<\/strong><\/h4>\n<p>Denne poolrenser er fremstillet af plast i h\u00f8j kvalitet og er bygget til at modst\u00e5 regelm\u00e6ssig brug og skrappe poolkemikalier. Det robuste design sikrer lang levetid, hvilket giver dig ro i sindet og fremragende v\u00e6rdi for din investering.<\/p>\n<h4>3. <strong>Komplet tilbeh\u00f8rss\u00e6t<\/strong><\/h4>\n<p>Intex ZX50 leveres med alt det n\u00f8dvendige tilbeh\u00f8r, s\u00e5 du kan komme i gang med det samme. Det omfatter slanger og adaptere, som g\u00f8r den kompatibel med mange forskellige pooltyper og -st\u00f8rrelser. Ops\u00e6tningen er ligetil, og betjeningen er intuitiv, selv for nye poolejere.<\/p>\n<h4>4. <strong>Milj\u00f8venlig drift<\/strong><\/h4>\n<p>En af de mest i\u00f8jnefaldende egenskaber ved Intex ZX50 er det stikfrie design. Dette milj\u00f8venlige reng\u00f8ringsmiddel kr\u00e6ver ikke elektricitet, hvilket reducerer dit energiforbrug og g\u00f8r det mere sikkert at bruge i n\u00e6rheden af vand. Den bruger kraften fra din pools pumpesystem og giver effektiv reng\u00f8ring uden ekstra omkostninger.<\/p>\n<h3>S\u00e5dan bruger du den automatiske poolrenser ZX50<\/h3>\n<p>Det er nemt og problemfrit at bruge Simple Shopping ZX50:<\/p>\n<ol>\n<li><strong>S\u00e6t renseren fast:<\/strong> Tilslut renseren til poolens filtreringssystem ved hj\u00e6lp af de medf\u00f8lgende slanger og adaptere.<\/li>\n<li><strong>Neds\u00e6nk og start:<\/strong> Placer renseren i poolen, og s\u00f8rg for, at den er helt neds\u00e6nket. T\u00e6nd for poolens pumpesystem for at starte reng\u00f8ringsprocessen.<\/li>\n<li><strong>Lad den arbejde:<\/strong> Renseren bev\u00e6ger sig rundt i poolen og opsamler skidt og snavs. Du kan lade den arbejde, mens du nyder din dag.<\/li>\n<li><strong>Regelm\u00e6ssig vedligeholdelse:<\/strong> For at opn\u00e5 de bedste resultater skal du j\u00e6vnligt kontrollere og reng\u00f8re renserens filter for at sikre optimal ydeevne.<\/li>\n<\/ol>\n<h3>Ideel til forskellige omgivelser<\/h3>\n<p>Intex ZX50 er ikke kun til hjemmebassiner; den er ogs\u00e5 perfekt til kommerciel brug p\u00e5 hoteller, feriesteder og forsamlingshuse. Dens p\u00e5lidelige ydeevne og brugervenlighed g\u00f8r den til en favorit blandt b\u00e5de professionelle poolplejere og husejere.<\/p>\n<h3>Shop med tillid hos Simple Shopping<\/h3>\n<p>Hos Simple Shopping er vi stolte af at kunne tilbyde produkter af h\u00f8j kvalitet til konkurrencedygtige priser. N\u00e5r du k\u00f8ber den automatiske poolrenser Intex ZX50 hos os, kan du v\u00e6re sikker p\u00e5 f\u00f8rsteklasses kundeservice og hurtig levering. Vores brugervenlige onlinebutik g\u00f8r det nemt at finde lige pr\u00e6cis det, du skal bruge for at nyde sommeren fuldt ud.<\/p>\n<h3>Forl\u00e6ng din sommersjov med enkle indk\u00f8b<\/h3>\n<p>Simple Shopping tilbyder et bredt udvalg af sommerprodukter, der kan forbedre din udend\u00f8rsoplevelse. Vi har alt, hvad du skal bruge for at f\u00e5 mest muligt ud af den solrige s\u00e6son, lige fra poolfl\u00e5d og leget\u00f8j til campingudstyr og strandtilbeh\u00f8r. Gennemse vores katalog i dag, og opdag det nyeste inden for sommersjov og bekvemmelighed.<\/p>\n<p>Forvandl din poolvedligeholdelsesrutine med <strong>Simple Shopping ZX50 automatisk poolreng\u00f8ringssystem<\/strong>. Bestil nu, og nyd en ren pool med minimal indsats, s\u00e5 du f\u00e5r mere tid til at slikke sol og nyde sommeren.<\/p>\n<p><strong>K\u00f8b Automatic Pool Cleanerat Simple Shopping og oplev forskellen p\u00e5 kvalitet!<\/strong><\/p>\n","protected":false},"excerpt":{"rendered":"<p>Dyk ned i ubesv\u00e6ret poolvedligeholdelse med Simple Shopping ZX50 automatisk poolreng\u00f8ringssystem, som nu f\u00e5s hos Simple Shopping! Vores omfattende katalog<\/p>\n","protected":false},"featured_media":1185115,"comment_status":"open","ping_status":"closed","template":"","meta":[],"product_brand":[],"product_cat":[3720],"product_tag":[3737],"class_list":{"0":"post-1185206","1":"product","2":"type-product","3":"status-publish","4":"has-post-thumbnail","6":"product_cat-uncategorized-da","7":"product_tag-hardware-da","8":"member-discount","9":"discount-restricted","11":"first","12":"instock","13":"taxable","14":"shipping-taxable","15":"purchasable","16":"product-type-simple"},"_links":{"self":[{"href":"https:\/\/ebuys.co\/da\/wp-json\/wp\/v2\/product\/1185206","targetHints":{"allow":["GET"]}}],"collection":[{"href":"https:\/\/ebuys.co\/da\/wp-json\/wp\/v2\/product"}],"about":[{"href":"https:\/\/ebuys.co\/da\/wp-json\/wp\/v2\/types\/product"}],"replies":[{"embeddable":true,"href":"https:\/\/ebuys.co\/da\/wp-json\/wp\/v2\/comments?post=1185206"}],"version-history":[{"count":0,"href":"https:\/\/ebuys.co\/da\/wp-json\/wp\/v2\/product\/1185206\/revisions"}],"wp:featuredmedia":[{"embeddable":true,"href":"https:\/\/ebuys.co\/da\/wp-json\/wp\/v2\/media\/1185115"}],"wp:attachment":[{"href":"https:\/\/ebuys.co\/da\/wp-json\/wp\/v2\/media?parent=1185206"}],"wp:term":[{"taxonomy":"product_brand","embeddable":true,"href":"https:\/\/ebuys.co\/da\/wp-json\/wp\/v2\/product_brand?post=1185206"},{"taxonomy":"product_cat","embeddable":true,"href":"https:\/\/ebuys.co\/da\/wp-json\/wp\/v2\/product_cat?post=1185206"},{"taxonomy":"product_tag","embeddable":true,"href":"https:\/\/ebuys.co\/da\/wp-json\/wp\/v2\/product_tag?post=1185206"}],"curies":[{"name":"wp","href":"https:\/\/api.w.org\/{rel}","templated":true}]}}