{"id":1185198,"date":"2024-06-12T08:17:38","date_gmt":"2024-06-12T08:17:38","guid":{"rendered":"http:\/\/ebuys.co\/shop\/simple-shopping-home-barbecue-air-blower\/"},"modified":"2024-06-24T07:43:31","modified_gmt":"2024-06-24T07:43:31","slug":"simple-shopping-home-barbecue-luftblaeser","status":"publish","type":"product","link":"https:\/\/ebuys.co\/da\/shop\/simple-shopping-home-barbecue-luftblaeser\/","title":{"rendered":"Simple Shopping Home Barbecue luftbl\u00e6ser"},"content":{"rendered":"<p>Tag din grillning til det n\u00e6ste niveau med Simple Shopping<strong> Simple Shopping Home Barbecue luftbl\u00e6ser<\/strong>, som f\u00e5s hos Simple Shopping! Hvis du \u00f8nsker at berige din butiks sortiment med f\u00f8rsteklasses husholdningsartikler, beh\u00f8ver du ikke lede l\u00e6ngere. Udforsk vores seneste onlineudgivelser af grillventilatorer, og kom i gang med at s\u00e6lge uden besv\u00e6ret med lagerbeholdning. K\u00f8b Simple Shopping Home Barbecue Air Blower i dag, og tilbyd dine kunder det perfekte v\u00e6rkt\u00f8j til at forbedre deres grilloplevelse.<\/p>\n<div class=\"\">\n<div class=\"\" dir=\"\" data-message-author-role=\"\" data-message-id=\"\">\n<div class=\"\">\n<div class=\"\">\n<h3>Vigtige funktioner:<\/h3>\n<ul>\n<li><strong>Type:<\/strong> Bl\u00e6ser, designet specielt til grillbrug.<\/li>\n<li><strong>Karakteristika:<\/strong>\n<ul>\n<li>Manuel betjening giver pr\u00e6cis kontrol over luftstr\u00f8mmen.<\/li>\n<li>Kompakt design for nem h\u00e5ndtering og opbevaring.<\/li>\n<\/ul>\n<\/li>\n<li><strong>Str\u00f8mforsyning:<\/strong> Batteridrevet for bekvemmelighed og b\u00e6rbarhed.<\/li>\n<\/ul>\n<h3>Hvorfor v\u00e6lge Simple Shopping Home Barbecue luftbl\u00e6ser?<\/h3>\n<h4>1. <strong>Forbedret ydeevne p\u00e5 grillen<\/strong><\/h4>\n<p>Barbecue Fan TM Home er den perfekte ledsager til at opn\u00e5 optimale grillresultater. Den manuelle betjening giver brugerne mulighed for at styre luftstr\u00f8mmen og sikre en ensartet varmefordeling, s\u00e5 maden bliver perfekt tilberedt hver gang.<\/p>\n<h4>2. <strong>Kompakt og b\u00e6rbar<\/strong><\/h4>\n<p>Med sit kompakte design er denne grillventilator nem at h\u00e5ndtere og opbevare. Uanset om du griller i din baghave eller p\u00e5 en campingplads, er Barbecue Fan TM Home praktisk at have med overalt.<\/p>\n<h3>Shop med tillid hos Simple Shopping<\/h3>\n<p>Hos Simple Shopping er vi forpligtet til at levere produkter af h\u00f8jeste kvalitet til konkurrencedygtige priser. N\u00e5r du k\u00f8ber Barbecue Fan TM Home hos os, kan du stole p\u00e5, at du tilbyder dine kunder et p\u00e5lideligt og effektivt grilltilbeh\u00f8r.<\/p>\n<h3>L\u00f8ft din grilloplevelse<\/h3>\n<p>Ud over Barbecue Fan Home Blower tilbyder Simple Shopping et bredt udvalg af husholdningsartikler og tilbeh\u00f8r, der kan forbedre dine kunders liv. Vi har alt, hvad du skal bruge for at f\u00e5 din butik til at skille sig ud, lige fra k\u00f8kkenudstyr til friluftsudstyr. Opgrader dine kunders grilloplevelse med Barbecue Fan TM Home fra Simple Shopping. Bestil nu, og giv dem mulighed for at opn\u00e5 perfekte grillresultater med lethed. <strong>K\u00f8b Simple Shopping Home Barbecue Air Blower, og revolutioner dine kunders grillaftener i dag!<\/strong><\/p>\n<\/div>\n<\/div>\n<\/div>\n<\/div>\n","protected":false},"excerpt":{"rendered":"<p>Tag din grillning til det n\u00e6ste niveau med Simple Shopping Simple Shopping Home Barbecue luftbl\u00e6ser, som f\u00e5s hos Simple Shopping!<\/p>\n","protected":false},"featured_media":1184944,"comment_status":"open","ping_status":"closed","template":"","meta":[],"product_brand":[],"product_cat":[3743,3734,3732],"product_tag":[3747,3737],"class_list":{"0":"post-1185198","1":"product","2":"type-product","3":"status-publish","4":"has-post-thumbnail","6":"product_cat-grill-og-tilbehor","7":"product_cat-have-og-terrasse","8":"product_cat-hjem-have","9":"product_tag-grill-barbecue","10":"product_tag-hardware-da","11":"member-discount","12":"discount-restricted","14":"first","15":"instock","16":"taxable","17":"shipping-taxable","18":"purchasable","19":"product-type-simple"},"_links":{"self":[{"href":"https:\/\/ebuys.co\/da\/wp-json\/wp\/v2\/product\/1185198","targetHints":{"allow":["GET"]}}],"collection":[{"href":"https:\/\/ebuys.co\/da\/wp-json\/wp\/v2\/product"}],"about":[{"href":"https:\/\/ebuys.co\/da\/wp-json\/wp\/v2\/types\/product"}],"replies":[{"embeddable":true,"href":"https:\/\/ebuys.co\/da\/wp-json\/wp\/v2\/comments?post=1185198"}],"version-history":[{"count":2,"href":"https:\/\/ebuys.co\/da\/wp-json\/wp\/v2\/product\/1185198\/revisions"}],"predecessor-version":[{"id":1185278,"href":"https:\/\/ebuys.co\/da\/wp-json\/wp\/v2\/product\/1185198\/revisions\/1185278"}],"wp:featuredmedia":[{"embeddable":true,"href":"https:\/\/ebuys.co\/da\/wp-json\/wp\/v2\/media\/1184944"}],"wp:attachment":[{"href":"https:\/\/ebuys.co\/da\/wp-json\/wp\/v2\/media?parent=1185198"}],"wp:term":[{"taxonomy":"product_brand","embeddable":true,"href":"https:\/\/ebuys.co\/da\/wp-json\/wp\/v2\/product_brand?post=1185198"},{"taxonomy":"product_cat","embeddable":true,"href":"https:\/\/ebuys.co\/da\/wp-json\/wp\/v2\/product_cat?post=1185198"},{"taxonomy":"product_tag","embeddable":true,"href":"https:\/\/ebuys.co\/da\/wp-json\/wp\/v2\/product_tag?post=1185198"}],"curies":[{"name":"wp","href":"https:\/\/api.w.org\/{rel}","templated":true}]}}