{"id":1185238,"date":"2023-09-30T07:52:21","date_gmt":"2023-09-30T07:52:21","guid":{"rendered":"http:\/\/ebuys.co\/vilkaar-og-betingelser\/"},"modified":"2024-06-24T06:09:25","modified_gmt":"2024-06-24T06:09:25","slug":"vilkaar-og-betingelser","status":"publish","type":"page","link":"https:\/\/ebuys.co\/da\/vilkaar-og-betingelser\/","title":{"rendered":"Vilk\u00e5r og betingelser"},"content":{"rendered":"\t\t<div data-elementor-type=\"wp-page\" data-elementor-id=\"1185238\" class=\"elementor elementor-1185238 elementor-9964\" data-elementor-post-type=\"page\">\n\t\t\t\t<div class=\"elementor-element elementor-element-351967d e-flex e-con-boxed wd-section-disabled e-con e-parent\" data-id=\"351967d\" data-element_type=\"container\" data-e-type=\"container\">\n\t\t\t\t\t<div class=\"e-con-inner\">\n\t\t\t\t<div class=\"elementor-element elementor-element-2900115 elementor-widget elementor-widget-heading\" data-id=\"2900115\" data-element_type=\"widget\" data-e-type=\"widget\" data-widget_type=\"heading.default\">\n\t\t\t\t<div class=\"elementor-widget-container\">\n\t\t\t\t\t<h2 class=\"elementor-heading-title elementor-size-default\">Vilk\u00e5r og betingelser<\/h2>\t\t\t\t<\/div>\n\t\t\t\t<\/div>\n\t\t\t\t<div class=\"elementor-element elementor-element-d0848f9 wd-single-breadcrumbs wd-breadcrumbs text-left elementor-widget elementor-widget-wd_wc_breadcrumb\" data-id=\"d0848f9\" data-element_type=\"widget\" data-e-type=\"widget\" data-widget_type=\"wd_wc_breadcrumb.default\">\n\t\t\t\t<div class=\"elementor-widget-container\">\n\t\t\t\t\t<nav class=\"woocommerce-breadcrumb\" aria-label=\"Breadcrumb\">\t\t\t\t<span class=\"breadcrumb-last\">\n\t\t\t\t\tForside\t\t\t\t<\/span>\n\t\t\t<\/nav>\t\t\t\t<\/div>\n\t\t\t\t<\/div>\n\t\t\t\t\t<\/div>\n\t\t\t\t<\/div>\n\t\t<div class=\"elementor-element elementor-element-1d36e80 e-flex e-con-boxed wd-section-disabled e-con e-parent\" data-id=\"1d36e80\" data-element_type=\"container\" data-e-type=\"container\">\n\t\t\t\t\t<div class=\"e-con-inner\">\n\t\t\t\t<div class=\"elementor-element elementor-element-9e0e926 elementor-widget elementor-widget-wd_text_block\" data-id=\"9e0e926\" data-element_type=\"widget\" data-e-type=\"widget\" data-widget_type=\"wd_text_block.default\">\n\t\t\t\t<div class=\"elementor-widget-container\">\n\t\t\t\t\t\t\t<div class=\"wd-text-block reset-last-child text-left\">\n\t\t\t\n\t\t\t<p><strong><span style=\"vertical-align: inherit;\"><span style=\"vertical-align: inherit;\">MEDLEMSKAB:<br><\/span><\/span><\/strong><\/p><p><strong>Simple Shopping<\/strong> er en medlemsklub, der tilbyder store rabatter p\u00e5 kendte parfume- og kosmetikm\u00e6rker. For at blive medlem skal du v\u00e6re mindst 18 \u00e5r gammel, hvilket du skal bekr\u00e6fte, n\u00e5r du registrerer dig og foretager dit f\u00f8rste k\u00f8b. <strong>Simple Shopping <\/strong> er kun for privatkunder. Medlemskab koster \u20ac39,95 om m\u00e5neden. Dit abonnement vil blive trukket hver m\u00e5ned, indtil du ikke l\u00e6ngere \u00f8nsker at v\u00e6re medlem. Du kan til enhver tid opsige dit medlemskab ved at logge ind p\u00e5 <strong>Simple Shopping. <\/strong> Du kan ogs\u00e5 opsige dit medlemskab skriftligt ved at sende en e-mail til <strong><a href=\"mailto:support@simpleshopping.club\">support@simpleshopping.club. <\/a><\/strong> Du kan til enhver tid opsige dit medlemskab, hvis det ikke lever op til dine forventninger.<\/p><p><strong><span style=\"vertical-align: inherit;\"><span style=\"vertical-align: inherit;\">HVORDAN K\u00d8BER MAN?<\/span><\/span><\/strong><\/p><p>N\u00e5r du handler hos <strong>Simple Shopping<\/strong>, kan du v\u00e6lge mellem to k\u00f8bsmetoder. Hvis du \u00f8nsker at blive medlem og f\u00e5 adgang til de mange rabatter og specialtilbud, skal du v\u00e6lge medlemspris, n\u00e5r du l\u00e6gger et produkt i indk\u00f8bskurven. Hvis du v\u00e6lger at k\u00f8be til medlemspris, vil du automatisk tilf\u00f8je et medlemskab til din indk\u00f8bskurv. Hvis du allerede har et medlemskab, skal du blot logge ind p\u00e5 din konto, f\u00f8r du handler p\u00e5 <strong>Simple Shopping.<\/strong> Hvis du er nyt medlem, vil du blive tilbudt en gratis introperiode. Hvis du tidligere har v\u00e6ret medlem af Simple Shopping, vil du blive tilf\u00f8jet et m\u00e5nedligt medlemskab til en pris af <strong>\u20ac39,95<\/strong> med din ordre og genaktivere dit medlemskab. Hvis du ikke \u00f8nsker at v\u00e6re medlem, vil du ikke kunne handle p\u00e5 <strong>Simple Shopping. <\/strong><\/p><p><strong><span style=\"vertical-align: inherit;\"><span style=\"vertical-align: inherit;\">BESTILLINGER:<\/span><\/span><\/strong><\/p><p>P\u00e5 <strong>Simple Shopping<\/strong> er det kun muligt at bestille produkter via vores hjemmeside. Hvis du har sp\u00f8rgsm\u00e5l til produkter, der ikke er n\u00e6vnt p\u00e5 hjemmesiden, s\u00e5 skriv til os p\u00e5 s<a href=\"mailto:support@simpleshopping.club\"><strong>upport@simpleshopping.club<\/strong><\/a>.<\/p><p><strong><span style=\"vertical-align: inherit;\"><span style=\"vertical-align: inherit;\">ANNULLERING AF ORDRE:<\/span><\/span><\/strong><\/p><p>Hvis du har afgivet en ordre og \u00f8nsker at annullere den, skal du logge ind p\u00e5 <strong>Simple Shopping<\/strong> med din e-mail og adgangskode. Klik derefter p\u00e5 \"Mine ordrer\" i menufanen \u00f8verst til h\u00f8jre p\u00e5 siden. Klik p\u00e5 infoknappen til h\u00f8jre for den ordre, du vil annullere, og klik derefter p\u00e5 \"Annuller ordre\". Det er kun muligt at annullere en ordre, hvis vores lager endnu ikke er begyndt at behandle den.<\/p><p><strong>OM PRISER P\u00c5 SIMPEL SHOPPING:<\/strong><\/p><p>P\u00e5 <strong>Simple Shopping<\/strong> finder du to typer priser under hvert produkt: Medlemspris og Normalpris. Medlemspriser er kun tilg\u00e6ngelige for medlemmer. Som medlem kan du spare op til 80 % p\u00e5 mere end 600 m\u00e6rker. For at undg\u00e5 eventuelt videresalg er det kun muligt at k\u00f8be op til 1 stk. af den samme vare til medlemspris i \u00e9n ordre. Normale priser er for kunder, der ikke \u00f8nsker at blive medlem. Normalprisen giver ikke samme medlemsrabat, men vil ofte stadig v\u00e6re lav i forhold til andre butikker og webshops.<\/p><p><strong><span style=\"vertical-align: inherit;\"><span style=\"vertical-align: inherit;\">BETALING:<\/span><\/span><\/strong><\/p><p>Hos <strong>Simple Shopping<\/strong> kan du betale med VISA, VISA Debit, VISA Electron, MasterCard eller Maestro. Alle betalinger og kortgebyrer er inkluderet i produktpriserne og reguleres af <strong>Simple Shopping<\/strong>, og betaling kan kun foretages med kreditkort. Betalingen tr\u00e6kkes fra din konto, n\u00e5r ordren afsendes fra <strong>Simple Shopping<\/strong>, eller n\u00e5r dit medlemskab p\u00e5begyndes. Du vil ikke blive opkr\u00e6vet for et bel\u00f8b, der overstiger det bel\u00f8b, der blev godkendt, da du gennemf\u00f8rte dit k\u00f8b.<\/p><p>Alle priser vises inklusive moms og er aktuelle markedspriser. N\u00e5r du handler p\u00e5 <strong>Simple Shopping<\/strong>, indg\u00e5s alle aftaler p\u00e5 engelsk.<\/p><p><strong><span style=\"vertical-align: inherit;\"><span style=\"vertical-align: inherit;\">AFBESTILLINGSREGLER OG RETURNERING AF PRODUKTER:<\/span><\/span><\/strong><\/p><p><strong>Simple Shopping<\/strong> tilbyder 90 dages fortrydelsesret (standard, lovligt godkendt politik er 14 dage). Denne periode g\u00e6lder fra den dag, du modtager levering af dine k\u00f8bte varer.<\/p><p>Hvis du \u00f8nsker at returnere et eller flere k\u00f8bte produkter, bedes du give os besked via e-mail p\u00e5 <a href=\"mailto:support@simpleshopping.club\"><strong>support@simpleshopping.club<\/strong><\/a> (vi svarer inden for 24 timer p\u00e5 hverdage).<\/p><p>It is not possible for you to cancel your order by refusing to accept delivery unless you have provided clear wording of your decision to cancel via email, <a href=\"mailto:support@simpleshopping.club\"><strong>support@simpleshopping.club<\/strong><\/a>.<\/p><p>I tilf\u00e6lde af kontrakter om levering af forseglede varer, der ikke er egnet til returnering af sundhedsbeskyttelses- eller hygiejnem\u00e6ssige \u00e5rsager, oph\u00f8rer fortrydelsesretten, hvis varerne annulleres efter levering.<\/p><p><strong><span style=\"vertical-align: inherit;\"><span style=\"vertical-align: inherit;\">RETURNERENDE PRODUKTER:<\/span><\/span><\/strong><\/p><p>Hvis du \u00f8nsker at returnere din ordre, skal du g\u00f8re det uden un\u00f8dig forsinkelse (senest 14 dage efter, at du har givet os besked om din beslutning om at returnere dit k\u00f8b). Du er forpligtet til at d\u00e6kke alle udgifter i forbindelse med returnerede produkter. Det er dit ansvar at sikre, at alle produkter, der skal returneres, er forsvarligt emballeret.<\/p><p><strong><span style=\"vertical-align: inherit;\"><span style=\"vertical-align: inherit;\">BETINGELSER FOR RETURNEREDE PRODUKTER:<\/span><\/span><\/strong><\/p><p>Enhver v\u00e6rdiforringelse i forbindelse med produktbrug, der er forkert eller forskellig fra den tilsigtede brug og funktion, betales af kunden. Med andre ord - du kan pr\u00f8ve produktet p\u00e5 samme m\u00e5de, som du ville pr\u00f8ve det i en fysisk butik. Men hvis du beskadiger produktet p\u00e5 grund af forkert brug eller sk\u00f8desl\u00f8shed og s\u00f8ger om tilbagebetaling, kan du ende med kun at f\u00e5 en lille del eller intet af k\u00f8bsprisen tilbage, hvis du returnerer det, afh\u00e6ngigt af den kommercielle v\u00e6rdi af det eller de p\u00e5g\u00e6ldende produkter og arten af den givne h\u00e6ndelse.<\/p><p>N\u00e5r det g\u00e6lder sk\u00f8nhedsprodukter, parfume og kosmetik, kan den originale emballage spille en v\u00e6sentlig rolle for v\u00e6rdien af det eller de p\u00e5g\u00e6ldende produkter. Vi opfordrer dig derfor til at sende varer i ubeskadiget stand.<\/p><p><strong><span style=\"vertical-align: inherit;\"><span style=\"vertical-align: inherit;\">TILBAGEBETALING AF K\u00d8BSPRISEN:<\/span><\/span><\/strong><\/p><p>Hvis du fortryder dit k\u00f8b, har du ret til fuld tilbagebetaling af de penge, du har betalt til os. I tilf\u00e6lde af v\u00e6rdiforringelse i forbindelse med forkert brug af produktet eller sk\u00f8desl\u00f8shed fratr\u00e6kkes k\u00f8bsprisen.<\/p><p>Hvis du udnytter din fortrydelsesret, refunderer vi alle modtagne betalinger, herunder eventuelle forudbetalte leveringsomkostninger. Ekstra omkostninger som f\u00f8lge af dit eget valg af leveringsmetoder, der afviger fra den billigste standardleveringsmulighed, vi tilbyder, vil dog ikke blive refunderet. Betaling skal ske uden un\u00f8dig forsinkelse og under alle omst\u00e6ndigheder senest 14 dage fra den dato, hvor vi har modtaget meddelelse om din beslutning om at fortryde dit k\u00f8b. Refusioner vil blive udstedt i samme format som den oprindelige betalingsmetode.<\/p><p>Vi forbeholder os ret til at tilbageholde din tilbagebetaling, indtil vi har modtaget de produkter, der skal returneres, medmindre du kan fremvise korrekt dokumentation. Vi forbeholder os retten til at lave typografiske fejl og udeladelser og kan annullere en ordre i tilf\u00e6lde af en fejl.<\/p><p><strong>HVAD SKAL JEG RETURNERE?<\/strong><\/p><p>For at fremskynde returprocessen bedes du vedl\u00e6gge en kopi af din ordrebekr\u00e6ftelse sammen med de(t) produkt(er), du returnerer. Hvis du ikke l\u00e6ngere har din ordrebekr\u00e6ftelse, kan du ogs\u00e5 inkludere den e-mailadresse, der blev brugt til at afgive ordren, eller selve ordrenummeret.<\/p><p><strong>DU HAR RET TIL AT KLAGE:<\/strong><\/p><p><strong>SIMPLE SHOPPING<\/strong> tilbyder den almindelige juridiske klageprocedure, der g\u00e6lder i <strong>24 m\u00e5neder<\/strong> efter levering. Det betyder, at du kan f\u00e5 dit produkt repareret, ombyttet, f\u00e5 pengene tilbage eller et afslag i prisen, alt efter hvilken situation der er tale om. Din reklamation skal v\u00e6re gyldig, hvilket betyder, at eventuelle fejl ikke m\u00e5 skyldes forkert brug af produktet eller destruktiv adf\u00e6rd. Bem\u00e6rk, at for produkter med en begr\u00e6nset levetid er din ret til at klage tilsvarende begr\u00e6nset.<\/p><p><strong>HVOR HURTIGT SKAL JEG INDGIVE EN KLAGE?<\/strong><\/p><p>Kontakt os, s\u00e5 snart du opdager en fejl eller manglende dele p\u00e5 og til et produkt, der er k\u00f8bt p\u00e5 <span style=\"vertical-align: inherit;\"><strong>Simple Shopping<\/strong><\/span> Dette skal ske s\u00e5 hurtigt som muligt eller inden for en rimelig tidsperiode fra det \u00f8jeblik, du opdager, at der er noget galt med dit produkt. Indsend din klage via <span style=\"vertical-align: inherit;\"><a href=\"mailto:support@simpleshopping.club\"><strong>support@simpleshopping.club<\/strong><\/a><\/span>, hvorefter vi vil behandle det p\u00e5g\u00e6ldende problem. Klager betragtes som rettidige, hvis de indgives inden for to m\u00e5neder efter, at produktfejlene er blevet opdaget.<\/p><p><strong>DEFEKTE PRODUKT(ER):<\/strong><\/p><p>N\u00e5r du returnerer et defekt produkt, skal du oplyse om problemet p\u00e5 en s\u00e5 detaljeret m\u00e5de som muligt. For at fremskynde processen anbefaler vi ogs\u00e5, at du inkluderer yderligere identifikationsoplysninger som f.eks. et ordrenummer eller en e-mailadresse. Hvis din reklamation er berettiget, refunderer vi dine leveringsomkostninger, s\u00e5 husk at f\u00e5 en kvittering.<\/p><p><strong>Bem\u00e6rk:<\/strong> Vi tager ikke imod pakker sendt pr. efterkrav.<\/p><p><strong>B\u00d8RN OG MINDRE\u00c5RIGE:<\/strong><\/p><p>N\u00e5r du registrerer dig p\u00e5 <strong>Simple Shopping,<\/strong> skal du bekr\u00e6fte, at du er over 18 \u00e5r gammel. Hvis du er under 18 \u00e5r, skal tilmelding og abonnement udfyldes af en for\u00e6lder eller v\u00e6rge. En aftale kan nemt annulleres af en for\u00e6lder eller v\u00e6rge, hvis den er indg\u00e5et af en mindre\u00e5rig.<\/p><p><strong><span style=\"vertical-align: inherit;\"><span style=\"vertical-align: inherit;\">DINE PERSONLIGE OPLYSNINGER:<\/span><\/span><\/strong><\/p><p>N\u00e5r du tilmelder dig <strong>Simple Shopping<\/strong>, gemmes dit navn, din adresse, dit telefonnummer og din e-mail i en elektronisk kundedatabase, som kun <strong>Simple Shoppings<\/strong> medarbejdere har adgang til. Disse personoplysninger gemmes, s\u00e5 vi kan opfylde dine ordrer og i overensstemmelse med regnskabslovgivningen, som siger, at materiale, der bruges i forbindelse med transaktioner, skal gemmes i 5 \u00e5r efter det regnskabs\u00e5r, som det g\u00e6lder for. F\u00f8r dine personlige data gemmes, sikrer vi os, at du har givet dit samtykke, og at du ved pr\u00e6cis, hvilke oplysninger der gemmes. Kundeoplysninger er altid krypterede.<\/p><p>Som eksisterende kunde hos <strong>Simple Shopping<\/strong> har du altid ret til at tilbagekalde din registrering. Du har ogs\u00e5 ret til at vide, hvilke af dine personlige data vi har registreret. Disse rettigheder er en del af databeskyttelsesloven. For mere information, kontakt os venligst p\u00e5 <strong><a href=\"mailto:support@simpleshopping.club\">support@simpleshopping.club<\/a><\/strong> . <strong>SIMPLE SHOPPING <\/strong> er ansvarlig for de data, der er gemt p\u00e5 <strong>SIMPLE SHOPPING.<\/strong> Oplysninger, der gives til <strong>Simple Shopping<\/strong>, videresendes eller s\u00e6lges ikke til tredjeparter. Desuden registrerer vi ingen f\u00f8lsomme oplysninger. N\u00e5r du tilmelder dig vores nyhedsbrev, registrerer vi din e-mailadresse. Din e-mail bliver behandlet fortroligt; vi giver den ikke videre til andre. Du kan til enhver tid afmelde dig via linket i bunden af nyhedsbrevet.<\/p><p><strong><span style=\"vertical-align: inherit;\"><span style=\"vertical-align: inherit;\">COOKIES:<\/span><\/span><\/strong><\/p><p><strong>Simple Shopping<\/strong> bruger cookies. Det g\u00f8r vi udelukkende for at g\u00f8re det nemmere for dig at logge ind og se relevante produkter og nye tilbud, n\u00e5r du bes\u00f8ger <strong>Simple Shopping<\/strong> En cookie er en fil, der indeholder data om, hvorvidt du er en ny eller tilbagevendende kunde, hvilke produkter du klikker p\u00e5. og andre oplysninger om din adf\u00e6rd p\u00e5 hjemmesiden. En cookie gemmes p\u00e5 din pc, tablet eller mobiltelefon. En cookie kan ikke identificere dig som person. Den kan kun genkende din pc, tablet eller mobiltelefon og s\u00f8rge for, at du f\u00e5r vist en tilpasset version af <strong>Simple Shopping.<\/strong> En cookie gemmes typisk i 12 m\u00e5neder.<\/p><p>Du kan indstille din browser til at advare dig, n\u00e5r du modtager en cookie. Du kan ogs\u00e5 slette cookies helt fra din browser. Det er muligt at slette dine cookies via dine browserindstillinger, hvis du \u00f8nsker det. Hvis du har sp\u00f8rgsm\u00e5l om dine cookies, er du velkommen til at kontakte os via e-mail p\u00e5 <strong><a href=\"mailto:support@simpleshopping.club\">support@simpleshopping.club. <\/a><\/strong><\/p><p><strong>ANSVARSFRASKRIVELSE:<\/strong><\/p><p>Priserne p\u00e5 <strong>Simple Shopping<\/strong> er aktuelle priser, baseret p\u00e5 markedspriserne p\u00e5 et givet tidspunkt. Vi forbeholder os derfor ret til at \u00e6ndre priser som f\u00f8lge af force majeure, herunder arbejdskonflikter, samt manglende eller forsinkede leverancer fra vores leverand\u00f8rer.<\/p>\n\t\t\t\t\t<\/div>\n\t\t\t\t\t\t<\/div>\n\t\t\t\t<\/div>\n\t\t\t\t\t<\/div>\n\t\t\t\t<\/div>\n\t\t\t\t<\/div>\n\t\t","protected":false},"excerpt":{"rendered":"<p>Vilk\u00e5r og betingelser Home MEDLEMSKAB: Simple Shopping er en medlemsklub, der tilbyder store rabatter p\u00e5 kendte parfume- og kosmetikm\u00e6rker. For<\/p>\n","protected":false},"author":1,"featured_media":0,"parent":0,"menu_order":0,"comment_status":"closed","ping_status":"closed","template":"","meta":{"footnotes":""},"class_list":["post-1185238","page","type-page","status-publish","hentry"],"_links":{"self":[{"href":"https:\/\/ebuys.co\/da\/wp-json\/wp\/v2\/pages\/1185238","targetHints":{"allow":["GET"]}}],"collection":[{"href":"https:\/\/ebuys.co\/da\/wp-json\/wp\/v2\/pages"}],"about":[{"href":"https:\/\/ebuys.co\/da\/wp-json\/wp\/v2\/types\/page"}],"author":[{"embeddable":true,"href":"https:\/\/ebuys.co\/da\/wp-json\/wp\/v2\/users\/1"}],"replies":[{"embeddable":true,"href":"https:\/\/ebuys.co\/da\/wp-json\/wp\/v2\/comments?post=1185238"}],"version-history":[{"count":1,"href":"https:\/\/ebuys.co\/da\/wp-json\/wp\/v2\/pages\/1185238\/revisions"}],"predecessor-version":[{"id":1185239,"href":"https:\/\/ebuys.co\/da\/wp-json\/wp\/v2\/pages\/1185238\/revisions\/1185239"}],"wp:attachment":[{"href":"https:\/\/ebuys.co\/da\/wp-json\/wp\/v2\/media?parent=1185238"}],"curies":[{"name":"wp","href":"https:\/\/api.w.org\/{rel}","templated":true}]}}