{"id":1185236,"date":"2024-05-24T06:38:20","date_gmt":"2024-05-24T06:38:20","guid":{"rendered":"http:\/\/ebuys.co\/vilkaar-for-abonnement\/"},"modified":"2024-06-24T06:09:18","modified_gmt":"2024-06-24T06:09:18","slug":"vilkaar-for-abonnement","status":"publish","type":"page","link":"https:\/\/ebuys.co\/da\/vilkaar-for-abonnement\/","title":{"rendered":"Vilk\u00e5r for abonnement"},"content":{"rendered":"\t\t<div data-elementor-type=\"wp-page\" data-elementor-id=\"1185236\" class=\"elementor elementor-1185236 elementor-1011478\" data-elementor-post-type=\"page\">\n\t\t\t\t<div class=\"elementor-element elementor-element-06a39d1 e-flex e-con-boxed wd-section-disabled e-con e-parent\" data-id=\"06a39d1\" data-element_type=\"container\" data-e-type=\"container\">\n\t\t\t\t\t<div class=\"e-con-inner\">\n\t\t\t\t<div class=\"elementor-element elementor-element-e8b73b6 elementor-widget elementor-widget-heading\" data-id=\"e8b73b6\" data-element_type=\"widget\" data-e-type=\"widget\" data-widget_type=\"heading.default\">\n\t\t\t\t<div class=\"elementor-widget-container\">\n\t\t\t\t\t<h2 class=\"elementor-heading-title elementor-size-default\">Vilk\u00e5r for abonnement<\/h2>\t\t\t\t<\/div>\n\t\t\t\t<\/div>\n\t\t\t\t<div class=\"elementor-element elementor-element-58f8ad6 wd-single-breadcrumbs wd-breadcrumbs text-left elementor-widget elementor-widget-wd_wc_breadcrumb\" data-id=\"58f8ad6\" data-element_type=\"widget\" data-e-type=\"widget\" data-widget_type=\"wd_wc_breadcrumb.default\">\n\t\t\t\t<div class=\"elementor-widget-container\">\n\t\t\t\t\t<nav class=\"woocommerce-breadcrumb\" aria-label=\"Breadcrumb\">\t\t\t\t<span class=\"breadcrumb-last\">\n\t\t\t\t\tForside\t\t\t\t<\/span>\n\t\t\t<\/nav>\t\t\t\t<\/div>\n\t\t\t\t<\/div>\n\t\t\t\t\t<\/div>\n\t\t\t\t<\/div>\n\t\t<div class=\"elementor-element elementor-element-a949364 e-flex e-con-boxed wd-section-disabled e-con e-parent\" data-id=\"a949364\" data-element_type=\"container\" data-e-type=\"container\">\n\t\t\t\t\t<div class=\"e-con-inner\">\n\t\t\t\t<div class=\"elementor-element elementor-element-50f74a5 elementor-widget elementor-widget-wd_text_block\" data-id=\"50f74a5\" data-element_type=\"widget\" data-e-type=\"widget\" data-widget_type=\"wd_text_block.default\">\n\t\t\t\t<div class=\"elementor-widget-container\">\n\t\t\t\t\t\t\t<div class=\"wd-text-block reset-last-child text-left\">\n\t\t\t\n\t\t\t<p><strong>MEDLEMSKAB AF SIMPEL SHOPPING:<\/strong><\/p><p>er en medlemsklub, der giver store rabatter p\u00e5 kendte parfume- og kosmetikm\u00e6rker. Dit medlemskab af <strong>SIMPLE SHOPPING<\/strong> er et l\u00f8bende abonnement, og de f\u00f8rste <strong>SIMPLE SHOPPING<\/strong>-dage er gratis. Alle transaktioner p\u00e5 10 skal foretages via kreditkortbetalinger (<em>Visa Debit, Visa Electron, Maestro, Visa, MasterCard<\/em>). Alle betalingsomkostninger afholdes af Shop More og er hermed indregnet i de produktpriser og medlemsomkostninger, der vises p\u00e5 hjemmesiden. Du kan se dine tidligere betalinger og ordrer ved at logge ind p\u00e5 din konto p\u00e5 <strong>SIMPLE SHOPPING<\/strong> via l\u00e5sesymbolet i \u00f8verste h\u00f8jre hj\u00f8rne af hjemmesiden.<\/p><p>Kun privatpersoner, der er <strong>18 \u00e5r eller \u00e6ldre<\/strong>, kan blive medlemmer.<\/p><p><strong>ACCEPTERE ABONNEMENTSBETINGELSER:<\/strong><\/p><p>Ved at give dit samtykke til de abonnementsbetingelser, der g\u00e6lder for <strong>SIMPLE SHOPPING<\/strong>, tillader du <strong>SIMPLE SHOPPING<\/strong> at tr\u00e6kke det angivne medlemsgebyr med j\u00e6vne mellemrum, indtil du v\u00e6lger at afslutte dit abonnement. De f\u00f8rste 10 dages medlemskab er gratis. Derefter koster <strong>\u20ac39,95<\/strong> om m\u00e5neden.<\/p><p>N\u00e5r du har gennemf\u00f8rt en ordre p\u00e5 <strong>SIMPLE SHOPPING<\/strong>, modtager du en kvittering via e-mail, der indeholder oplysninger om abonnementsbetingelserne. Bem\u00e6rk, at tidligere ordrer uden abonnementsvilk\u00e5r kan findes, n\u00e5r du er logget ind p\u00e5 <strong>SIMPLE SHOPPING<\/strong> under \"Mine ordrer\" i menufanen.<\/p><p><strong>OPSIGELSE AF MEDLEMSKAB OG DEN JURIDISK BINDENDE PERIODE:<\/strong><\/p><p>Du kan til enhver tid opsige dit medlemskab ved at kontakte os via e-mail p\u00e5 <a href=\"mailto:support@simpleshopping.club\"><strong>support@simpleshopping.club<\/strong><\/a> (vi svarer inden for <strong>24 timer<\/strong> p\u00e5 hverdage) eller ved at logge ind p\u00e5 <strong>SIMPLE SHOPPING<\/strong> og v\u00e6lge \"Mit medlemskab\". Den eneste undtagelse er i l\u00f8bet af de f\u00f8rste <strong>24 timer<\/strong> af medlemskabet, hvor dit abonnement er l\u00e5st af tekniske \u00e5rsager, og du ikke kan opsige det manuelt under fanen \"Mit medlemskab\". Efter de f\u00f8rste 24 timer kan du opsige dit abonnement, som du vil. Det betyder, at du i din f\u00f8rste pr\u00f8veperiode kan k\u00f8be varer til shop more-priser og opsige dit medlemskab dagen efter. Vi h\u00e5ber naturligvis, at du har lyst til at v\u00e6re medlem i l\u00e6ngere tid, s\u00e5 du kan spare endnu mere.<\/p><p>For at opsige dit medlemskab skal du logge ind og klikke p\u00e5 \"Mit medlemskab\". Hvis du opsiger dit medlemskab, vil du stadig have adgang til det, indtil det udl\u00f8ber. Bem\u00e6rk dog, at hvis du opsiger dit medlemskab i l\u00f8bet af den <strong>14-dages<\/strong> pr\u00f8veperiode, vil dit medlemskab udl\u00f8be med det samme. N\u00e5r dit medlemskab er blevet annulleret, vil der ikke blive trukket penge fra din konto, medmindre du v\u00e6lger at genaktivere dit medlemskab.<\/p><p><strong>KORTHOLDERS ANSVAR OG FORPLIGTELSER:<\/strong><\/p><p>Din registrering p\u00e5 <strong>SIMPLE SHOPPING<\/strong> er juridisk bindende fra det \u00f8jeblik, du foretager din f\u00f8rste bestilling og dermed aktiverer dit medlemskab. Ved at v\u00e6lge Medlemspris i stedet for Normalpris accepterer du ogs\u00e5 oprettelsen af et medlemskab. Som medlem af <strong>SIMPLE SHOPPING<\/strong> og kortholder er du forpligtet til at betale for din medlemsperiode og deraf f\u00f8lgende abonnementsudbetalinger, indtil du opsiger dit abonnement og\/eller medlemskab.<\/p><p><strong>PROCEDURE OG OPSIGELSE AF ABONNEMENT:<\/strong><\/p><p>Dit medlemskab af <strong>SIMPLE SHOPPING<\/strong> fornyes automatisk, s\u00e5 du altid har adgang til det. Efter de f\u00f8rste 10 dages gratis medlemskab koster abonnementet <strong>\u20ac39,95<\/strong> om m\u00e5neden.<\/p><p><strong>FORTRYDELSESRET:<\/strong><\/p><p>Dit <strong>SIMPLE SHOPPING<\/strong>-abonnement er bundet til en lovf\u00e6stet fortrydelsesret p\u00e5 10 dage. I praksis betyder det, at din fortrydelsesfrist udl\u00f8ber 10 dage efter, at du har indg\u00e5et en aftale med os. Dit abonnement tr\u00e6der i kraft, n\u00e5r du gennemf\u00f8rer en ordre med medlemspris p\u00e5 <strong>SIMPLE SHOPPING<\/strong> Din ret til opsigelse er kun aktiv fra den dag, du foretager en transaktion p\u00e5 <strong>SIMPLE SHOPPING<\/strong>, og ikke fra p\u00e5begyndelsen af m\u00e5nedlige abonnementsbetalinger.<\/p><p>Hvis du \u00f8nsker at opsige dit abonnement, skal du meddele os dette mindst 10 dage, f\u00f8r du begynder at indg\u00e5 en bindende aftale med os. Du kan give besked om dette ved at kontakte os via e-mail p\u00e5 <a href=\"mailto:support@simpleshopping.club\"><strong>support@simpleshopping.club<\/strong><\/a> (vi svarer inden for 24 timer p\u00e5 hverdage). I din besked skal du klart og tydeligt angive, at du \u00f8nsker at g\u00f8re brug af din fortrydelsesret.<\/p><p><strong>TILBAGEBETALING AF ABONNEMENTSBETALINGER:<\/strong><\/p><p>Hvis du opsiger dit abonnement, refunderer vi din betaling uden un\u00f8dig forsinkelse eller senest <strong>10 dage<\/strong> fra den dato, hvor vi har modtaget meddelelse om din beslutning om at opsige denne aftale. Vi returnerer dine penge i samme format som din oprindelige transaktion.<\/p>\n\t\t\t\t\t<\/div>\n\t\t\t\t\t\t<\/div>\n\t\t\t\t<\/div>\n\t\t\t\t\t<\/div>\n\t\t\t\t<\/div>\n\t\t\t\t<\/div>\n\t\t","protected":false},"excerpt":{"rendered":"<p>Vilk\u00e5r for abonnement Home MEDLEMSKAB AF SIMPEL SHOPPING: er en medlemsklub, der giver store rabatter p\u00e5 kendte parfume- og kosmetikm\u00e6rker.<\/p>\n","protected":false},"author":1,"featured_media":0,"parent":0,"menu_order":0,"comment_status":"closed","ping_status":"closed","template":"elementor_header_footer","meta":{"footnotes":""},"class_list":["post-1185236","page","type-page","status-publish","hentry"],"_links":{"self":[{"href":"https:\/\/ebuys.co\/da\/wp-json\/wp\/v2\/pages\/1185236","targetHints":{"allow":["GET"]}}],"collection":[{"href":"https:\/\/ebuys.co\/da\/wp-json\/wp\/v2\/pages"}],"about":[{"href":"https:\/\/ebuys.co\/da\/wp-json\/wp\/v2\/types\/page"}],"author":[{"embeddable":true,"href":"https:\/\/ebuys.co\/da\/wp-json\/wp\/v2\/users\/1"}],"replies":[{"embeddable":true,"href":"https:\/\/ebuys.co\/da\/wp-json\/wp\/v2\/comments?post=1185236"}],"version-history":[{"count":1,"href":"https:\/\/ebuys.co\/da\/wp-json\/wp\/v2\/pages\/1185236\/revisions"}],"predecessor-version":[{"id":1185237,"href":"https:\/\/ebuys.co\/da\/wp-json\/wp\/v2\/pages\/1185236\/revisions\/1185237"}],"wp:attachment":[{"href":"https:\/\/ebuys.co\/da\/wp-json\/wp\/v2\/media?parent=1185236"}],"curies":[{"name":"wp","href":"https:\/\/api.w.org\/{rel}","templated":true}]}}