{"id":1185232,"date":"2023-09-30T07:33:58","date_gmt":"2023-09-30T07:33:58","guid":{"rendered":"http:\/\/ebuys.co\/privatliv-og-sikkerhed\/"},"modified":"2024-06-24T06:08:53","modified_gmt":"2024-06-24T06:08:53","slug":"privatliv-og-sikkerhed","status":"publish","type":"page","link":"https:\/\/ebuys.co\/da\/privatliv-og-sikkerhed\/","title":{"rendered":"Privatliv og sikkerhed"},"content":{"rendered":"\t\t<div data-elementor-type=\"wp-page\" data-elementor-id=\"1185232\" class=\"elementor elementor-1185232 elementor-9939\" data-elementor-post-type=\"page\">\n\t\t\t\t<div class=\"elementor-element elementor-element-c01cb89 e-flex e-con-boxed wd-section-disabled e-con e-parent\" data-id=\"c01cb89\" data-element_type=\"container\" data-e-type=\"container\">\n\t\t\t\t\t<div class=\"e-con-inner\">\n\t\t\t\t<div class=\"elementor-element elementor-element-0c21e98 elementor-widget elementor-widget-heading\" data-id=\"0c21e98\" data-element_type=\"widget\" data-e-type=\"widget\" data-widget_type=\"heading.default\">\n\t\t\t\t<div class=\"elementor-widget-container\">\n\t\t\t\t\t<h2 class=\"elementor-heading-title elementor-size-default\">Privatliv og sikkerhed<\/h2>\t\t\t\t<\/div>\n\t\t\t\t<\/div>\n\t\t\t\t<div class=\"elementor-element elementor-element-1a40b1a wd-single-breadcrumbs wd-breadcrumbs text-left elementor-widget elementor-widget-wd_wc_breadcrumb\" data-id=\"1a40b1a\" data-element_type=\"widget\" data-e-type=\"widget\" data-widget_type=\"wd_wc_breadcrumb.default\">\n\t\t\t\t<div class=\"elementor-widget-container\">\n\t\t\t\t\t<nav class=\"woocommerce-breadcrumb\" aria-label=\"Breadcrumb\">\t\t\t\t<span class=\"breadcrumb-last\">\n\t\t\t\t\tForside\t\t\t\t<\/span>\n\t\t\t<\/nav>\t\t\t\t<\/div>\n\t\t\t\t<\/div>\n\t\t\t\t\t<\/div>\n\t\t\t\t<\/div>\n\t\t<div class=\"elementor-element elementor-element-eb04370 e-flex e-con-boxed wd-section-disabled e-con e-parent\" data-id=\"eb04370\" data-element_type=\"container\" data-e-type=\"container\">\n\t\t\t\t\t<div class=\"e-con-inner\">\n\t\t\t\t<div class=\"elementor-element elementor-element-94c0621 elementor-widget elementor-widget-wd_text_block\" data-id=\"94c0621\" data-element_type=\"widget\" data-e-type=\"widget\" data-widget_type=\"wd_text_block.default\">\n\t\t\t\t<div class=\"elementor-widget-container\">\n\t\t\t\t\t\t\t<div class=\"wd-text-block reset-last-child text-left\">\n\t\t\t\n\t\t\t<p><strong>Generelt:<\/strong><\/p><p>Denne politik om behandling af personoplysninger (herefter \"Persondatapolitik\") beskriver, hvordan <strong>Simple Shopping<\/strong> indsamler og behandler personoplysninger om dig.<\/p><p>Persondatapolitikken g\u00e6lder for alle de personoplysninger, du giver os, herunder n\u00e5r du kontakter kundeservice via vores hjemmeside, <strong>simpleshopping.club<\/strong>.<\/p><p>Persondatapolitikken indeholder oplysninger om, hvilke personlige oplysninger der indsamles, og hvilke juridiske rettigheder du har.<\/p><p><strong>Simple Shopping<\/strong> er ansvarlig for de indsamlede personoplysninger og behandlingen heraf, som vi har modtaget om dig. Vores kontaktoplysninger er:<\/p><p><strong>Enkel shopping:<\/strong><\/p><p><strong>Adresse<\/strong>: 61 Bridge Street, Kington, Herefordshire, HR5 3DJ Storbritannien<\/p><p><strong>E-mail: <\/strong><a href=\"mailto:support@simpleshopping.club\">support@simpleshopping.club<\/a><\/p><p><strong>Hvilke personlige oplysninger bruger vi?<\/strong><\/p><p>Hos <strong>Simple Shopping<\/strong> indsamler og behandler vi f\u00f8lgende oplysninger, n\u00e5r du bes\u00f8ger vores hjemmeside<\/p><ul><li>Din IP-adresse<\/li><li>Hvilken browser bruger du?<\/li><li>Din adf\u00e6rd p\u00e5 hjemmesiden, hvilke s\u00f8getermer du bruger, og hvilke produkter du l\u00e6gger i kurven.<\/li><\/ul><p>Hos <strong>Simple Shopping<\/strong> indsamler og behandler vi f\u00f8lgende oplysninger, n\u00e5r du k\u00f8ber et produkt fra vores hjemmeside:<\/p><ul><li>Navn<\/li><li>Adresse (b\u00e5de betalingsadresse og leveringsadresse)<\/li><li>Telefonnummer og e-mailadresse<\/li><li>Kunde-ID<\/li><li>Oplysninger om, hvilket produkt du har k\u00f8bt<\/li><\/ul><p>Du har ogs\u00e5 mulighed for at give accept til at modtage markedsf\u00f8ringsmateriale via e-mail, ogs\u00e5 i form af nyhedsbreve og s\u00e6rlige tilbud. Vi vil i dette tilf\u00e6lde indsamle og behandle din e-mailadresse.<\/p><p><strong>Form\u00e5let med og det juridiske grundlag for behandlingen af dine personlige oplysninger:<\/strong><\/p><p>Form\u00e5let med at indsamle og behandle oplysninger i forbindelse med bes\u00f8g p\u00e5 vores hjemmeside er: At optimere din oplevelse som kunde p\u00e5 vores hjemmeside, at sikre korrekt layout af vores hjemmeside, samt at lave m\u00e5lrettet og relevant markedsf\u00f8ring. Indsamlingen og behandlingen sker derfor, s\u00e5 vi kan varetage vores legitime interesser med hensyn til databeskyttelsesordningen i henhold til artikel 6, stk. f.<\/p><p>Form\u00e5let med indsamling og behandling af oplysninger i forbindelse med k\u00f8b p\u00e5 vores hjemmeside er: at vi derved kan opfylde den aftale, som vi har accepteret ved k\u00f8b af et produkt, jeg holder mig til databeskyttelsesforordningens artikel 6, stk. b. Desuden er vi i henhold til regnskabsloven forpligtet til at opbevare dine personoplysninger.<\/p><p>Hvis du har accepteret at modtage markedsf\u00f8ringsmateriale via e-mail, er behandlingsgrundlaget databeskyttelsesforordningens artikel 6, stk. a. Din accept af at modtage markedsf\u00f8ringsmateriale via e-mail kan altid tr\u00e6kkes tilbage ved at bruge linket i bunden af nyhedsbrevet.<\/p><p><strong>Modtageren af dine personlige oplysninger:<\/strong><\/p><p>I nogle tilf\u00e6lde videregives dine oplysninger til en tredjepart. Dette kan overordnet set opdeles i:<\/p><ul><li>Tilknyttede virksomheder.<\/li><li>Samarbejdspartnere som f.eks. databehandlere, der behandler data for os.<\/li><li><strong>Eksterne leverand\u00f8rer<\/strong> - f.eks. leveringsfirmaer, n\u00e5r et produkt leveres til dig.<\/li><li>Offentlige myndigheder. Offentlige myndigheder som f.eks. skattev\u00e6senet, der i henhold til g\u00e6ldende lovgivning har ret til at modtage visse oplysninger.<\/li><\/ul><p>Dine oplysninger videregives ikke til samarbejdsvirksomheder eller eksterne leverand\u00f8rer uden for EU\/E\u00d8S. Hvis en samarbejdsvirksomhed eller ekstern leverand\u00f8r er placeret uden for EU\/E\u00d8S, sikrer vi, at behandlingen af dine oplysninger er under samme beskyttelse, som er p\u00e5kr\u00e6vet inden for EU\/E\u00d8S.<\/p><p><strong>Opbevaring af dine personlige oplysninger:<\/strong><\/p><p><strong>Simple Shopping<\/strong> har et meget h\u00f8jt princip om beskyttelse af dine personlige oplysninger, s\u00e5 vi har truffet en r\u00e6kke tekniske og organisatoriske foranstaltninger for at sikre, at dine personlige oplysninger ikke misbruges eller g\u00e5r tabt.<\/p><p>Oplysninger, der indsamles og behandles, n\u00e5r du bes\u00f8ger vores hjemmeside, gemmes i 30 dage.<\/p><p>Vi opbevarer som normal procedure dine personlige oplysninger i en periode p\u00e5 5 \u00e5r + det aktuelle \u00e5r efter k\u00f8bet p\u00e5 grund af vores ansvar med hensyn til bogf\u00f8ringsloven.<\/p><p>Oplysningerne kan i nogle tilf\u00e6lde opbevares i en l\u00e6ngere periode. hvis det er n\u00f8dvendigt for at overholde\/fasts\u00e6tte juridiske forpligtelser eller for at h\u00e5ndh\u00e6ve vores aftaler. N\u00e5r vi opbevarer oplysninger i en l\u00e6ngere periode, sikrer vi os, at oplysningerne er vigtige i forhold til kategorien af oplysninger, n\u00e5r vi bestemmer, hvor l\u00e6nge vores oplysninger skal opbevares.<\/p><p>Personoplysninger, der behandles p\u00e5 baggrund af din accept, vil som udgangspunkt blive slettet, n\u00e5r du tr\u00e6kker din accept tilbage, medmindre der er et andet behandlingsgrundlag for behandlingen af personoplysninger.<\/p><p><strong>Cookies:<\/strong><\/p><p>Websitet anvender \"cookies\", der er en tekstfil, som gemmes p\u00e5 din computer, mobil el. tilsvarende med det form\u00e5l at genkende den, huske indstillinger, udf\u00f8re statistik og m\u00e5lrette annoncer. Cookies kan ikke indeholde skadelig kode som f.eks. en virus.<\/p><p>Det er muligt at slette eller blokere for cookies. Se guiden p\u00e5 <a href=\"https:\/\/kb.iu.edu\/d\/ajfi\">https:\/\/kb.iu.edu\/d\/ajfi<\/a><\/p><p>Hvis du sletter eller blokerer cookies, vil reklamerne v\u00e6re mindre relevante for dig og blive vist oftere. Du kan ogs\u00e5 risikere, at hjemmesiden ikke fungerer optimalt, og at der er indhold, du ikke kan f\u00e5 adgang til.<\/p><p><strong>Dine rettigheder:<\/strong><\/p><p>Du har p\u00e5 grund af databeskyttelsesordningen en r\u00e6kke rettigheder med hensyn til vores behandling af oplysninger om dig. Rettighederne er som f\u00f8lger:<\/p><p><strong>1- Ret til indsigt -<\/strong> Du har ret til indsigt i de oplysninger, som vi behandler om dig, og en r\u00e6kke yderligere oplysninger.<br><strong>2- Ret til rettelse -<\/strong> Du har ret til at modtage forkert information om din rettelse<br><strong>3- Ret til sletning -<\/strong> Under visse omst\u00e6ndigheder har du ret til at f\u00e5 slettet oplysninger om dig inden for den tidsramme, der g\u00e6lder for vores almindelige generelle sletning.<br><strong>4- Ret til begr\u00e6nsning af behandling -<\/strong> Du har under visse omst\u00e6ndigheder ret til at f\u00e5 begr\u00e6nset behandlingen af dine oplysninger. Hvis du har ret til at f\u00e5 behandlingen begr\u00e6nset, kan vi i fremtiden kun behandle oplysninger - undtagen opbevaring - med din accept, eller med hensyn til krav, der kan fastl\u00e6gges, g\u00f8res g\u00e6ldende eller forsvares, eller for at beskytte en person eller af vigtig interesse for samfundet.<br><strong>5. Ret til protest -<\/strong> Du har under visse omst\u00e6ndigheder ret til at protestere mod vores lovlige behandling af dine personlige oplysninger. Du kan ogs\u00e5 protestere mod behandlingen af dine oplysninger til direkte markedsf\u00f8ring.<br><strong>6- Ret til at overf\u00f8re oplysninger (dataportabilitet) -<\/strong> Du har under visse omst\u00e6ndigheder ret til at modtage dine personlige oplysninger i et struktureret, almindeligt anvendt og maskinl\u00e6sbart format og til at f\u00e5 overf\u00f8rt disse personlige oplysninger fra en dataansvarlig til en anden uden hindring.<\/p><p>Du kan l\u00e6se mere om dine rettigheder i The Information Commissioner's Office's vejledning om de registreredes rettigheder, som du finder p\u00e5 <a href=\"http:\/\/www.ico.org.uk\">\n  <strong>www.ico.org.uk<\/strong>\n<\/a><\/p><p>Hvis du vil g\u00f8re brug af dine rettigheder, kan du kontakte vores kundeservice. Alle henvendelser vil blive besvaret hurtigst muligt og s\u00e5 vidt muligt inden for <strong>30 dage<\/strong> fra vi har modtaget henvendelsen.<\/p><p>I forbindelse med en henvendelse vil vi bede dig om at bekr\u00e6fte din identitet eller give os yderligere oplysninger. Vi skal kr\u00e6ve dette for at sikre, at det er dig selv, der har adgang til dine personlige oplysninger, og at de dermed ikke kan gives til andre end dig selv.<\/p><p><strong>Klager:<\/strong><\/p><p>Du har ret til at klage over vores behandling af dine oplysninger, hvis du er utilfreds med behandlingen. Klager skal sendes til:<\/p><p><strong>\u00c6ndringer i persondatapolitikken:<\/strong><\/p><p><strong>Simple Shopping <\/strong>Du har ret til at klage over vores behandling af dine oplysninger, hvis du er utilfreds med behandlingen. Klager skal sendes til <strong>Simple Shopping<\/strong>.<\/p>\n\t\t\t\t\t<\/div>\n\t\t\t\t\t\t<\/div>\n\t\t\t\t<\/div>\n\t\t\t\t\t<\/div>\n\t\t\t\t<\/div>\n\t\t\t\t<\/div>\n\t\t","protected":false},"excerpt":{"rendered":"<p>Privatliv og sikkerhed Home Generelt: Denne politik om behandling af personoplysninger (herefter &#8220;Persondatapolitik&#8221;) beskriver, hvordan Simple Shopping indsamler og behandler<\/p>\n","protected":false},"author":1,"featured_media":0,"parent":0,"menu_order":0,"comment_status":"closed","ping_status":"closed","template":"","meta":{"footnotes":""},"class_list":["post-1185232","page","type-page","status-publish","hentry"],"_links":{"self":[{"href":"https:\/\/ebuys.co\/da\/wp-json\/wp\/v2\/pages\/1185232","targetHints":{"allow":["GET"]}}],"collection":[{"href":"https:\/\/ebuys.co\/da\/wp-json\/wp\/v2\/pages"}],"about":[{"href":"https:\/\/ebuys.co\/da\/wp-json\/wp\/v2\/types\/page"}],"author":[{"embeddable":true,"href":"https:\/\/ebuys.co\/da\/wp-json\/wp\/v2\/users\/1"}],"replies":[{"embeddable":true,"href":"https:\/\/ebuys.co\/da\/wp-json\/wp\/v2\/comments?post=1185232"}],"version-history":[{"count":1,"href":"https:\/\/ebuys.co\/da\/wp-json\/wp\/v2\/pages\/1185232\/revisions"}],"predecessor-version":[{"id":1185233,"href":"https:\/\/ebuys.co\/da\/wp-json\/wp\/v2\/pages\/1185232\/revisions\/1185233"}],"wp:attachment":[{"href":"https:\/\/ebuys.co\/da\/wp-json\/wp\/v2\/media?parent=1185232"}],"curies":[{"name":"wp","href":"https:\/\/api.w.org\/{rel}","templated":true}]}}