{"id":1185216,"date":"2023-09-30T08:07:56","date_gmt":"2023-09-30T08:07:56","guid":{"rendered":"http:\/\/ebuys.co\/ofte-stillede-spoergsmaal\/"},"modified":"2025-06-06T18:20:54","modified_gmt":"2025-06-06T18:20:54","slug":"ofte-stillede-spoergsmaal","status":"publish","type":"page","link":"https:\/\/ebuys.co\/da\/ofte-stillede-spoergsmaal\/","title":{"rendered":"Ofte stillede sp\u00f8rgsm\u00e5l"},"content":{"rendered":"\t\t<div data-elementor-type=\"wp-page\" data-elementor-id=\"1185216\" class=\"elementor elementor-1185216 elementor-9977\" data-elementor-post-type=\"page\">\n\t\t\t\t<div class=\"elementor-element elementor-element-4e3c6d6 e-flex e-con-boxed wd-section-disabled e-con e-parent\" data-id=\"4e3c6d6\" data-element_type=\"container\" data-e-type=\"container\">\n\t\t\t\t\t<div class=\"e-con-inner\">\n\t\t\t\t<div class=\"elementor-element elementor-element-19c1f77 elementor-widget elementor-widget-heading\" data-id=\"19c1f77\" data-element_type=\"widget\" data-e-type=\"widget\" data-widget_type=\"heading.default\">\n\t\t\t\t<div class=\"elementor-widget-container\">\n\t\t\t\t\t<h2 class=\"elementor-heading-title elementor-size-default\">Ofte stillede sp\u00f8rgsm\u00e5l<\/h2>\t\t\t\t<\/div>\n\t\t\t\t<\/div>\n\t\t\t\t<div class=\"elementor-element elementor-element-c4df972 wd-single-breadcrumbs wd-breadcrumbs text-left elementor-widget elementor-widget-wd_wc_breadcrumb\" data-id=\"c4df972\" data-element_type=\"widget\" data-e-type=\"widget\" data-widget_type=\"wd_wc_breadcrumb.default\">\n\t\t\t\t<div class=\"elementor-widget-container\">\n\t\t\t\t\t<nav class=\"woocommerce-breadcrumb\" aria-label=\"Breadcrumb\">\t\t\t\t<span class=\"breadcrumb-last\">\n\t\t\t\t\tForside\t\t\t\t<\/span>\n\t\t\t<\/nav>\t\t\t\t<\/div>\n\t\t\t\t<\/div>\n\t\t\t\t\t<\/div>\n\t\t\t\t<\/div>\n\t\t\t\t<section class=\"elementor-section elementor-top-section elementor-element elementor-element-64a3e6a elementor-section-boxed elementor-section-height-default elementor-section-height-default wd-section-disabled\" data-id=\"64a3e6a\" data-element_type=\"section\" data-e-type=\"section\">\n\t\t\t\t\t\t<div class=\"elementor-container elementor-column-gap-default\">\n\t\t\t\t\t<div class=\"elementor-column elementor-col-50 elementor-top-column elementor-element elementor-element-336fd54\" data-id=\"336fd54\" data-element_type=\"column\" data-e-type=\"column\">\n\t\t\t<div class=\"elementor-widget-wrap elementor-element-populated\">\n\t\t\t\t\t\t<section class=\"elementor-section elementor-inner-section elementor-element elementor-element-8ab2f1b elementor-section-boxed elementor-section-height-default elementor-section-height-default wd-section-disabled\" data-id=\"8ab2f1b\" data-element_type=\"section\" data-e-type=\"section\" data-settings=\"{&quot;background_background&quot;:&quot;classic&quot;}\">\n\t\t\t\t\t\t<div class=\"elementor-container elementor-column-gap-default\">\n\t\t\t\t\t<div class=\"elementor-column elementor-col-100 elementor-inner-column elementor-element elementor-element-b10cae1\" data-id=\"b10cae1\" data-element_type=\"column\" data-e-type=\"column\">\n\t\t\t<div class=\"elementor-widget-wrap elementor-element-populated\">\n\t\t\t\t\t\t<div class=\"elementor-element elementor-element-3e2ffe0 elementor-widget__width-auto elementor-widget elementor-widget-wd_title\" data-id=\"3e2ffe0\" data-element_type=\"widget\" data-e-type=\"widget\" data-widget_type=\"wd_title.default\">\n\t\t\t\t<div class=\"elementor-widget-container\">\n\t\t\t\t\t\t\t<div class=\"title-wrapper set-mb-s reset-last-child wd-title-color-default wd-title-style-default wd-title-size-default text-left\">\n\n\t\t\t\n\t\t\t<div class=\"liner-continer\">\n\t\t\t\t<h4 class=\"woodmart-title-container title wd-fontsize-l\">De mest almindelige sp\u00f8rgsm\u00e5l<\/h4> \n\t\t\t\t\t\t\t<\/div>\n\n\t\t\t\t\t<\/div>\n\t\t\t\t\t\t<\/div>\n\t\t\t\t<\/div>\n\t\t\t\t<div class=\"elementor-element elementor-element-04fc631 elementor-widget elementor-widget-wd_accordion\" data-id=\"04fc631\" data-element_type=\"widget\" data-e-type=\"widget\" data-widget_type=\"wd_accordion.default\">\n\t\t\t\t<div class=\"elementor-widget-container\">\n\t\t\t\t\t\n\t\t<div class=\"wd-accordion wd-style-default wd-border-off\" data-state=\"first\">\n\t\t\t\t\t\t\t\n\t\t\t\t<div class=\"wd-accordion-item\">\n\t\t\t\t\t<div class=\"wd-accordion-title wd-active text-left wd-opener-pos-right\" data-accordion-index=\"0\">\n\t\t\t\t\t\t<div class=\"wd-accordion-title-text\">\n\t\t\t\t\t\t\t\t\t\t\t\t\t\t<span>\n\t\t\t\t\t\t\t\tHvad er E-Buys?\t\t\t\t\t\t\t<\/span>\n\t\t\t\t\t\t<\/div>\n\t\t\t\t\t\t<span class=\"wd-accordion-opener wd-opener-style-arrow\"><\/span>\n\t\t\t\t\t<\/div>\n\n\t\t\t\t\t<div class=\"wd-accordion-content reset-last-child wd-active\" data-accordion-index=\"0\">\n\t\t\t\t\t\t\t\t\t\t\t\t\t\n\t\t\t\t\t\t\t<strong>E-Buys<\/strong> er et unikt nyt koncept kun for medlemmer. Som medlem kan du spare op til <strong>50%<\/strong> p\u00e5 alt fra eksklusive m\u00e6rker til velkendte hverdagsprodukter.\n\nSpar penge hver gang du handler produkter fra vores enorme sortiment.\n\nPr\u00f8v <strong>E-Buys<\/strong> gratis i 3 dage og spar penge p\u00e5 varer til dig selv, dine venner, kolleger eller familie. Efter den gratis pr\u00f8veperiode er prisen <strong>192 USD<\/strong> om \u00e5ret, og du kan til enhver tid opsige dit medlemskab.\n\nStart dit medlemskab ved at foretage et k\u00f8b og begynd at spare nu! Eller du kan blive medlem, hvis du deltager i vores fantastiske konkurrence.\n\t\t\t\t\t\t\t\t\t\t\t\t\t\t\t\t\t\t<\/div>\n\t\t\t\t<\/div>\n\t\t\t\t\t\t\t\n\t\t\t\t<div class=\"wd-accordion-item\">\n\t\t\t\t\t<div class=\"wd-accordion-title text-left wd-opener-pos-right\" data-accordion-index=\"1\">\n\t\t\t\t\t\t<div class=\"wd-accordion-title-text\">\n\t\t\t\t\t\t\t\t\t\t\t\t\t\t<span>\n\t\t\t\t\t\t\t\tHvorfor E-Buys?\t\t\t\t\t\t\t<\/span>\n\t\t\t\t\t\t<\/div>\n\t\t\t\t\t\t<span class=\"wd-accordion-opener wd-opener-style-arrow\"><\/span>\n\t\t\t\t\t<\/div>\n\n\t\t\t\t\t<div class=\"wd-accordion-content reset-last-child\" data-accordion-index=\"1\">\n\t\t\t\t\t\t\t\t\t\t\t\t\t\n\t\t\t\t\t\t\tFordi du sparer penge, selv efter du har betalt vores medlemsgebyr, kan du bare k\u00f8be de ting, du har brug for. Vi k\u00f8ber ogs\u00e5 et bredt udvalg af produkter af h\u00f8j kvalitet direkte fra f\u00f8rende **EU-leverand\u00f8rer**. Og hvis du ikke er fuldt ud tilfreds med dit k\u00f8b, kan du returnere det til os inden for **14 dage**, eller du kan opsige dit medlemskab.\n\t\t\t\t\t\t\t\t\t\t\t\t\t\t\t\t\t\t<\/div>\n\t\t\t\t<\/div>\n\t\t\t\t\t\t\t\n\t\t\t\t<div class=\"wd-accordion-item\">\n\t\t\t\t\t<div class=\"wd-accordion-title text-left wd-opener-pos-right\" data-accordion-index=\"2\">\n\t\t\t\t\t\t<div class=\"wd-accordion-title-text\">\n\t\t\t\t\t\t\t\t\t\t\t\t\t\t<span>\n\t\t\t\t\t\t\t\tHvordan bliver jeg medlem?\t\t\t\t\t\t\t<\/span>\n\t\t\t\t\t\t<\/div>\n\t\t\t\t\t\t<span class=\"wd-accordion-opener wd-opener-style-arrow\"><\/span>\n\t\t\t\t\t<\/div>\n\n\t\t\t\t\t<div class=\"wd-accordion-content reset-last-child\" data-accordion-index=\"2\">\n\t\t\t\t\t\t\t\t\t\t\t\t\t\n\t\t\t\t\t\t\tDu skal blot foretage et k\u00f8b p\u00e5 <strong>E-Buys<\/strong>, s\u00e5 bliver et medlemskab automatisk tilf\u00f8jet til din ordre, eller n\u00e5r du deltager i en af \u200b\u200bvores fantastiske konkurrencer.\n\t\t\t\t\t\t\t\t\t\t\t\t\t\t\t\t\t\t<\/div>\n\t\t\t\t<\/div>\n\t\t\t\t\t\t\t\n\t\t\t\t<div class=\"wd-accordion-item\">\n\t\t\t\t\t<div class=\"wd-accordion-title text-left wd-opener-pos-right\" data-accordion-index=\"3\">\n\t\t\t\t\t\t<div class=\"wd-accordion-title-text\">\n\t\t\t\t\t\t\t\t\t\t\t\t\t\t<span>\n\t\t\t\t\t\t\t\tEr der nogen forsendelsesomkostninger?\t\t\t\t\t\t\t<\/span>\n\t\t\t\t\t\t<\/div>\n\t\t\t\t\t\t<span class=\"wd-accordion-opener wd-opener-style-arrow\"><\/span>\n\t\t\t\t\t<\/div>\n\n\t\t\t\t\t<div class=\"wd-accordion-content reset-last-child\" data-accordion-index=\"3\">\n\t\t\t\t\t\t\t\t\t\t\t\t\t\n\t\t\t\t\t\t\tPriserne varierer fra land til land og fra produkt til produkt. Vi str\u00e6ber altid efter at have gratis fragt p\u00e5 vores varer, MEN normalt er fragt gratis, og der er ingen omkostninger, hvis du kun deltager i vores konkurrencer. Hvis du bliver vores vinder, sender vi produktet gratis.\n\t\t\t\t\t\t\t\t\t\t\t\t\t\t\t\t\t\t<\/div>\n\t\t\t\t<\/div>\n\t\t\t\t\t\t\t\n\t\t\t\t<div class=\"wd-accordion-item\">\n\t\t\t\t\t<div class=\"wd-accordion-title text-left wd-opener-pos-right\" data-accordion-index=\"4\">\n\t\t\t\t\t\t<div class=\"wd-accordion-title-text\">\n\t\t\t\t\t\t\t\t\t\t\t\t\t\t<span>\n\t\t\t\t\t\t\t\tHvilke lande sender du fra?\t\t\t\t\t\t\t<\/span>\n\t\t\t\t\t\t<\/div>\n\t\t\t\t\t\t<span class=\"wd-accordion-opener wd-opener-style-arrow\"><\/span>\n\t\t\t\t\t<\/div>\n\n\t\t\t\t\t<div class=\"wd-accordion-content reset-last-child\" data-accordion-index=\"4\">\n\t\t\t\t\t\t\t\t\t\t\t\t\t\n\t\t\t\t\t\t\t<p>Vi sender i \u00f8jeblikket til alle <strong>europ\u00e6iske<\/strong> lande og <b>USA<\/b>.<\/p>\n\t\t\t\t\t\t\t\t\t\t\t\t\t\t\t\t\t\t<\/div>\n\t\t\t\t<\/div>\n\t\t\t\t\t\t\t\n\t\t\t\t<div class=\"wd-accordion-item\">\n\t\t\t\t\t<div class=\"wd-accordion-title text-left wd-opener-pos-right\" data-accordion-index=\"5\">\n\t\t\t\t\t\t<div class=\"wd-accordion-title-text\">\n\t\t\t\t\t\t\t\t\t\t\t\t\t\t<span>\n\t\t\t\t\t\t\t\tEr alle produkter autentiske?\t\t\t\t\t\t\t<\/span>\n\t\t\t\t\t\t<\/div>\n\t\t\t\t\t\t<span class=\"wd-accordion-opener wd-opener-style-arrow\"><\/span>\n\t\t\t\t\t<\/div>\n\n\t\t\t\t\t<div class=\"wd-accordion-content reset-last-child\" data-accordion-index=\"5\">\n\t\t\t\t\t\t\t\t\t\t\t\t\t\n\t\t\t\t\t\t\tVi k\u00f8ber en lang r\u00e6kke produkter af h\u00f8j kvalitet direkte fra f\u00f8rende <strong>leverand\u00f8rer i EU og USA<\/strong>. Alle varer sendes direkte til vores lager. P\u00e5 den m\u00e5de undg\u00e5r vi fordyrende mellemled og kan derfor give besparelsen videre til dig.\n\nVi kontrollerer kvaliteten af alle produkter og garanterer <strong>100 % \u00e6gthed<\/strong>. Vi kan s\u00e6lge disse produkter med en <strong>rabat<\/strong> p\u00e5 op til <strong>50%<\/strong>, fordi vi ikke skal tjene penge p\u00e5 produktet.\n\t\t\t\t\t\t\t\t\t\t\t\t\t\t\t\t\t\t<\/div>\n\t\t\t\t<\/div>\n\t\t\t\t\t\t\t\n\t\t\t\t<div class=\"wd-accordion-item\">\n\t\t\t\t\t<div class=\"wd-accordion-title text-left wd-opener-pos-right\" data-accordion-index=\"6\">\n\t\t\t\t\t\t<div class=\"wd-accordion-title-text\">\n\t\t\t\t\t\t\t\t\t\t\t\t\t\t<span>\n\t\t\t\t\t\t\t\tKan jeg returnere produkter?  \t\t\t\t\t\t\t<\/span>\n\t\t\t\t\t\t<\/div>\n\t\t\t\t\t\t<span class=\"wd-accordion-opener wd-opener-style-arrow\"><\/span>\n\t\t\t\t\t<\/div>\n\n\t\t\t\t\t<div class=\"wd-accordion-content reset-last-child\" data-accordion-index=\"6\">\n\t\t\t\t\t\t\t\t\t\t\t\t\t\n\t\t\t\t\t\t\tDu skal returnere din ordre uden un\u00f8dig forsinkelse og senest <strong>14 dage<\/strong> efter, at du har givet os besked om, at du \u00f8nsker at fortryde dit k\u00f8b. Du skal betale forsendelsesomkostningerne. Ved returnering er du ansvarlig for de korrekt forseglede varer, da du b\u00e6rer risikoen for varerne.\n\nGlem ikke at informere kundeservice om din returnering p\u00e5 <a href=\"mailto:support@ebuys.co\"><strong>support@ebuys.co<\/strong><\/a> \u00a0og at du har sendt din pakke, s\u00e5 vi kan begynde at behandle din sag. Udfyld denne returseddel og send den tilbage til denne <strong>adresse: Blk A 15\/F Hillier Commercial Bldg 65-67 Bonham Strand East, Sheung Wan, <\/strong>. Du er ansvarlig for enhver forringelse af varens v\u00e6rdi som f\u00f8lge af h\u00e5ndtering.\n\nMed andre ord kan du pr\u00f8ve produktet p\u00e5 samme m\u00e5de, som hvis du pr\u00f8vede det i en fysisk butik. Hvis produktet b\u00e6res ud over det, der er beskrevet ovenfor, betragter vi produktet som v\u00e6rende brugt, hvilket betyder, at ved indl\u00f8sning vil kun en del af eller intet bel\u00f8b af k\u00f8bet blive returneret, afh\u00e6ngigt af forhandlernes handelsv\u00e6rdi.\n\nVed brug af hudplejeprodukter, parfumer og kosmetik kan den originale emballage udg\u00f8re en betydelig del af produktets v\u00e6rdi. Vi opfordrer dig derfor til altid at returnere det i ubeskadiget stand.\n\t\t\t\t\t\t\t\t\t\t\t\t\t\t\t\t\t\t<\/div>\n\t\t\t\t<\/div>\n\t\t\t\t\t\t\t\n\t\t\t\t<div class=\"wd-accordion-item\">\n\t\t\t\t\t<div class=\"wd-accordion-title text-left wd-opener-pos-right\" data-accordion-index=\"7\">\n\t\t\t\t\t\t<div class=\"wd-accordion-title-text\">\n\t\t\t\t\t\t\t\t\t\t\t\t\t\t<span>\n\t\t\t\t\t\t\t\tKan jeg f\u00e5 pengene tilbage for mine ordrer?\t\t\t\t\t\t\t<\/span>\n\t\t\t\t\t\t<\/div>\n\t\t\t\t\t\t<span class=\"wd-accordion-opener wd-opener-style-arrow\"><\/span>\n\t\t\t\t\t<\/div>\n\n\t\t\t\t\t<div class=\"wd-accordion-content reset-last-child\" data-accordion-index=\"7\">\n\t\t\t\t\t\t\t\t\t\t\t\t\t\n\t\t\t\t\t\t\tHvis du fortryder dit k\u00f8b, vil du naturligvis modtage det bel\u00f8b, du har betalt, tilbage. I tilf\u00e6lde af v\u00e6rdiforringelse, som du er ansvarlig for, vil dette k\u00f8bsbel\u00f8b blive fratrukket. Du skal informere os om, at du har n\u00e6gtet at modtage pakken.\n\nHvis du benytter din fortrydelsesret, refunderer vi alle betalinger foretaget af dig, inklusive leveringsomkostninger (men ingen ekstra omkostninger som f\u00f8lge af dit valg af anden levering end den billigste standardlevering, vi tilbyder) uden un\u00f8dig forsinkelse og senest 14 dage fra den dato, hvor vi blev informeret om din beslutning om at fortryde k\u00f8bet. Vi foretager en s\u00e5dan refusion ved hj\u00e6lp af den samme betalingsmetode, som du brugte til den oprindelige transaktion.\n\nVi kan tilbageholde refusionen, indtil varen er returneret, hvis du ikke har indsendt dokumentation, inden du returnerede den. Du skal vedl\u00e6gge en kopi af ordrebekr\u00e6ftelsen.\n\t\t\t\t\t\t\t\t\t\t\t\t\t\t\t\t\t\t<\/div>\n\t\t\t\t<\/div>\n\t\t\t\t\t\t\t\n\t\t\t\t<div class=\"wd-accordion-item\">\n\t\t\t\t\t<div class=\"wd-accordion-title text-left wd-opener-pos-right\" data-accordion-index=\"8\">\n\t\t\t\t\t\t<div class=\"wd-accordion-title-text\">\n\t\t\t\t\t\t\t\t\t\t\t\t\t\t<span>\n\t\t\t\t\t\t\t\tHvordan kan jeg kontakte dig?\t\t\t\t\t\t\t<\/span>\n\t\t\t\t\t\t<\/div>\n\t\t\t\t\t\t<span class=\"wd-accordion-opener wd-opener-style-arrow\"><\/span>\n\t\t\t\t\t<\/div>\n\n\t\t\t\t\t<div class=\"wd-accordion-content reset-last-child\" data-accordion-index=\"8\">\n\t\t\t\t\t\t\t\t\t\t\t\t\t\n\t\t\t\t\t\t\tSend os en e-mail p\u00e5: <strong>\n<a href=\"mailto:support@ebuys.co\">support@ebuys.co<\/a><\/strong>\n\t\t\t\t\t\t\t\t\t\t\t\t\t\t\t\t\t\t<\/div>\n\t\t\t\t<\/div>\n\t\t\t\t\t\t\t\n\t\t\t\t<div class=\"wd-accordion-item\">\n\t\t\t\t\t<div class=\"wd-accordion-title text-left wd-opener-pos-right\" data-accordion-index=\"9\">\n\t\t\t\t\t\t<div class=\"wd-accordion-title-text\">\n\t\t\t\t\t\t\t\t\t\t\t\t\t\t<span>\n\t\t\t\t\t\t\t\tHvordan afmelder jeg mig?\t\t\t\t\t\t\t<\/span>\n\t\t\t\t\t\t<\/div>\n\t\t\t\t\t\t<span class=\"wd-accordion-opener wd-opener-style-arrow\"><\/span>\n\t\t\t\t\t<\/div>\n\n\t\t\t\t\t<div class=\"wd-accordion-content reset-last-child\" data-accordion-index=\"9\">\n\t\t\t\t\t\t\t\t\t\t\t\t\t\n\t\t\t\t\t\t\t<p>Den hurtigste og nemmeste m\u00e5de er at g\u00f8re det via <b>E-Buys<\/b>.<\/p><p>Du kan opsige dit medlemskab via e-mail eller ved at bes\u00f8ge hjemmesiden og afmelde dig. Hvis du opsiger dit medlemskab, mister du \u00f8jeblikkeligt alle dine fordele og vil ikke have adgang i den resterende tid. Derfor anbefales det, at du venter og opsiger dit medlemskab dagen f\u00f8r udl\u00f8bsdatoen p\u00e5 syv dage. S\u00e6t kryds i din kalender, s\u00e5 du ikke glemmer det. N\u00e5r dit medlemskab udl\u00f8ber, vil der ikke blive trukket yderligere penge fra din konto, medmindre du v\u00e6lger at genaktivere dit medlemskab hos os ved at foretage et nyt k\u00f8b hos <b>E-Buys<\/b>. Hvis dit betalingskort udl\u00f8ber, kan du blot foretage et nyt k\u00f8b, indtaste oplysningerne eller blot v\u00e6lge at \u00e6ndre kreditkort under min profil. Hvis du abonnerer hos <b>E-Buys<\/b> og igen p\u00e5 et senere tidspunkt k\u00f8ber vores produkter til en medlemspris, vil dit medlemskab blive genaktiveret, mens <strong>$192<\/strong> tr\u00e6kkes fra. For et \u00e5rs medlemskab, og hvis der er et bem\u00e6rkelsesv\u00e6rdigt bel\u00f8b for det tidligere ubetalte medlemskab, bedes du h\u00e6ve pengene.<\/p><p>Autorisation, indsigelse og procedure for nyt kort Du kan til enhver tid ubetinget tilbagekalde din autorisation, s\u00e5 vi kan tr\u00e6kke et bel\u00f8b fra din konto. Bagefter sender vi i stedet en faktura, hvis du ikke har opsagt aftalen. Hvis du opdager en eller flere ikke-godkendte debiteringer, kan du henvende dig til din kortudbyder senest otte uger efter debiteringen, medmindre andet er angivet i din aftale med kortudbyderen. Hvis kortet ikke l\u00e6ngere kan bruges (f.eks. hvis det er udl\u00f8bet osv.), og du \u00f8nsker at forts\u00e6tte dit medlemskab, bedes du opsige aftalen med os og indg\u00e5 en ny aftale med dit nye kort.<\/p>\n\t\t\t\t\t\t\t\t\t\t\t\t\t\t\t\t\t\t<\/div>\n\t\t\t\t<\/div>\n\t\t\t\t\t\t\t\n\t\t\t\t<div class=\"wd-accordion-item\">\n\t\t\t\t\t<div class=\"wd-accordion-title text-left wd-opener-pos-right\" data-accordion-index=\"10\">\n\t\t\t\t\t\t<div class=\"wd-accordion-title-text\">\n\t\t\t\t\t\t\t\t\t\t\t\t\t\t<span>\n\t\t\t\t\t\t\t\tKan jeg bytte et produkt?\t\t\t\t\t\t\t<\/span>\n\t\t\t\t\t\t<\/div>\n\t\t\t\t\t\t<span class=\"wd-accordion-opener wd-opener-style-arrow\"><\/span>\n\t\t\t\t\t<\/div>\n\n\t\t\t\t\t<div class=\"wd-accordion-content reset-last-child\" data-accordion-index=\"10\">\n\t\t\t\t\t\t\t\t\t\t\t\t\t\n\t\t\t\t\t\t\tDu kan ikke bytte en vare hos <b>E-Buys<\/b>, men kun returnere en vare for at f\u00e5 pengene tilbage. Vi bem\u00e6rker, at en vare skal v\u00e6re i samme stand, som den blev modtaget. Ved lukning af pakker kan refusion blive afvist helt eller delvist.\n\nHvis du har k\u00f8bt en vare og \u00f8nsker at opgradere til en anden vare, skal du foretage et nyt k\u00f8b.\n\t\t\t\t\t\t\t\t\t\t\t\t\t\t\t\t\t\t<\/div>\n\t\t\t\t<\/div>\n\t\t\t\t\t<\/div>\n\t\t\t\t\t\t<\/div>\n\t\t\t\t<\/div>\n\t\t\t\t\t<\/div>\n\t\t<\/div>\n\t\t\t\t\t<\/div>\n\t\t<\/section>\n\t\t\t\t\t<\/div>\n\t\t<\/div>\n\t\t\t\t<div class=\"elementor-column elementor-col-50 elementor-top-column elementor-element elementor-element-dddfd9c wd-elementor-sticky-column wd_sticky_offset_150\" data-id=\"dddfd9c\" data-element_type=\"column\" data-e-type=\"column\">\n\t\t\t<div class=\"elementor-widget-wrap elementor-element-populated\">\n\t\t\t\t\t\t<section class=\"elementor-section elementor-inner-section elementor-element elementor-element-09af5fa elementor-section-boxed elementor-section-height-default elementor-section-height-default wd-section-disabled\" data-id=\"09af5fa\" data-element_type=\"section\" data-e-type=\"section\" data-settings=\"{&quot;background_background&quot;:&quot;classic&quot;}\">\n\t\t\t\t\t\t<div class=\"elementor-container elementor-column-gap-default\">\n\t\t\t\t\t<div class=\"elementor-column elementor-col-100 elementor-inner-column elementor-element elementor-element-9548028\" data-id=\"9548028\" data-element_type=\"column\" data-e-type=\"column\">\n\t\t\t<div class=\"elementor-widget-wrap elementor-element-populated\">\n\t\t\t\t\t\t<div class=\"elementor-element elementor-element-3cd0294 elementor-widget elementor-widget-wd_title\" data-id=\"3cd0294\" data-element_type=\"widget\" data-e-type=\"widget\" data-widget_type=\"wd_title.default\">\n\t\t\t\t<div class=\"elementor-widget-container\">\n\t\t\t\t\t\t\t<div class=\"title-wrapper set-mb-s reset-last-child wd-title-color-default wd-title-style-default wd-title-size-small text-left\">\n\n\t\t\t\n\t\t\t<div class=\"liner-continer\">\n\t\t\t\t<h4 class=\"woodmart-title-container title wd-fontsize-m\">Har du brug for hj\u00e6lp?<\/h4> \n\t\t\t\t\t\t\t<\/div>\n\n\t\t\t\t\t<\/div>\n\t\t\t\t\t\t<\/div>\n\t\t\t\t<\/div>\n\t\t\t\t<div class=\"elementor-element elementor-element-eec8ae8 elementor-widget elementor-widget-wd_list\" data-id=\"eec8ae8\" data-element_type=\"widget\" data-e-type=\"widget\" data-widget_type=\"wd_list.default\">\n\t\t\t\t<div class=\"elementor-widget-container\">\n\t\t\t\t\t\t\t<ul class=\"wd-list color-scheme-custom wd-fontsize-xs wd-list-type-icon wd-list-style-default wd-justify-left\">\n\t\t\t\t\t\t\t\t\t\t\t<li class=\"elementor-repeater-item-c05932f\">\n\t\t\t\t\t\t\t\t\t\t\t<img decoding=\"async\"  src=\"https:\/\/ebuys.co\/wp-content\/uploads\/2023\/01\/email.svg\" title=\"email\" width=\"32\" height=\"32\">\t\t\t\t\t\n\t\t\t\t\t<span class=\"list-content\">\n\t\t\t\t\t\tsupport@ebuys.co\t\t\t\t\t<\/span>\n\n\t\t\t\t\t\n\t\t\t\t\t\t<a  href=\"mailto:support@ebuys.co\" class=\"wd-fill\" aria-label=\"List item link\"><\/a>\n\t\t\t\t\t\t\t\t\t<\/li>\n\t\t\t\t\t<\/ul>\n\n\t\t\t\t\t\t<\/div>\n\t\t\t\t<\/div>\n\t\t\t\t<div class=\"elementor-element elementor-element-ba13eed elementor-widget elementor-widget-wd_title\" data-id=\"ba13eed\" data-element_type=\"widget\" data-e-type=\"widget\" data-widget_type=\"wd_title.default\">\n\t\t\t\t<div class=\"elementor-widget-container\">\n\t\t\t\t\t\t\t<div class=\"title-wrapper set-mb-s reset-last-child wd-title-color-default wd-title-style-default wd-title-size-small text-left\">\n\n\t\t\t\n\t\t\t<div class=\"liner-continer\">\n\t\t\t\t<h4 class=\"woodmart-title-container title wd-fontsize-m\">F\u00f8lg os<\/h4> \n\t\t\t\t\t\t\t<\/div>\n\n\t\t\t\t\t<\/div>\n\t\t\t\t\t\t<\/div>\n\t\t\t\t<\/div>\n\t\t\t\t<div class=\"elementor-element elementor-element-d487410 elementor-widget elementor-widget-wd_social_buttons\" data-id=\"d487410\" data-element_type=\"widget\" data-e-type=\"widget\" data-widget_type=\"wd_social_buttons.default\">\n\t\t\t\t<div class=\"elementor-widget-container\">\n\t\t\t\t\t\n\t\t\t<div class=\" wd-social-icons icons-design-simple icons-size-small color-scheme-dark social-follow social-form-circle text-left\">\n\n\t\t\t\t\n\t\t\t\t\t\t\t\t\t<a rel=\"noopener noreferrer nofollow\" href=\"#\" target=\"_blank\" class=\" wd-social-icon social-facebook\" aria-label=\"Facebook social link\">\n\t\t\t\t\t\t<span class=\"wd-icon\"><\/span>\n\t\t\t\t\t\t\t\t\t\t\t<\/a>\n\t\t\t\t\n\t\t\t\t\t\t\t\t\t<a rel=\"noopener noreferrer nofollow\" href=\"#\" target=\"_blank\" class=\" wd-social-icon social-twitter\" aria-label=\"Twitter social link\">\n\t\t\t\t\t\t<span class=\"wd-icon\"><\/span>\n\t\t\t\t\t\t\t\t\t\t\t<\/a>\n\t\t\t\t\n\t\t\t\t\n\t\t\t\t\t\t\t\t\t<a rel=\"noopener noreferrer nofollow\" href=\"#\" target=\"_blank\" class=\" wd-social-icon social-instagram\" aria-label=\"Instagram social link\">\n\t\t\t\t\t\t<span class=\"wd-icon\"><\/span>\n\t\t\t\t\t\t\t\t\t\t\t<\/a>\n\t\t\t\t\n\t\t\t\t\t\t\t\t\t<a rel=\"noopener noreferrer nofollow\" href=\"#\" target=\"_blank\" class=\" wd-social-icon social-youtube\" aria-label=\"YouTube social link\">\n\t\t\t\t\t\t<span class=\"wd-icon\"><\/span>\n\t\t\t\t\t\t\t\t\t\t\t<\/a>\n\t\t\t\t\n\t\t\t\t\t\t\t\t\t<a rel=\"noopener noreferrer nofollow\" href=\"#\" target=\"_blank\" class=\" wd-social-icon social-pinterest\" aria-label=\"Pinterest social link\">\n\t\t\t\t\t\t<span class=\"wd-icon\"><\/span>\n\t\t\t\t\t\t\t\t\t\t\t<\/a>\n\t\t\t\t\n\t\t\t\t\n\t\t\t\t\n\t\t\t\t\n\t\t\t\t\n\t\t\t\t\n\t\t\t\t\n\t\t\t\t\n\t\t\t\t\n\t\t\t\t\n\t\t\t\t\n\t\t\t\t\n\t\t\t\t\t\t\t\t\n\t\t\t\t\t\t\t\t\n\t\t\t\t\n\t\t\t\t\n\t\t\t\t\t\t\t\t\n\t\t\t\t\n\t\t\t<\/div>\n\n\t\t\t\t\t\t<\/div>\n\t\t\t\t<\/div>\n\t\t\t\t\t<\/div>\n\t\t<\/div>\n\t\t\t\t\t<\/div>\n\t\t<\/section>\n\t\t\t\t\t<\/div>\n\t\t<\/div>\n\t\t\t\t\t<\/div>\n\t\t<\/section>\n\t\t\t\t<\/div>\n\t\t","protected":false},"excerpt":{"rendered":"<p>Ofte stillede sp\u00f8rgsm\u00e5l Home De mest almindelige sp\u00f8rgsm\u00e5l Hvad er E-Buys? E-Buys er et unikt nyt koncept kun for medlemmer.<\/p>\n","protected":false},"author":1,"featured_media":0,"parent":0,"menu_order":0,"comment_status":"closed","ping_status":"closed","template":"","meta":{"footnotes":""},"class_list":["post-1185216","page","type-page","status-publish","hentry"],"_links":{"self":[{"href":"https:\/\/ebuys.co\/da\/wp-json\/wp\/v2\/pages\/1185216","targetHints":{"allow":["GET"]}}],"collection":[{"href":"https:\/\/ebuys.co\/da\/wp-json\/wp\/v2\/pages"}],"about":[{"href":"https:\/\/ebuys.co\/da\/wp-json\/wp\/v2\/types\/page"}],"author":[{"embeddable":true,"href":"https:\/\/ebuys.co\/da\/wp-json\/wp\/v2\/users\/1"}],"replies":[{"embeddable":true,"href":"https:\/\/ebuys.co\/da\/wp-json\/wp\/v2\/comments?post=1185216"}],"version-history":[{"count":5,"href":"https:\/\/ebuys.co\/da\/wp-json\/wp\/v2\/pages\/1185216\/revisions"}],"predecessor-version":[{"id":1185638,"href":"https:\/\/ebuys.co\/da\/wp-json\/wp\/v2\/pages\/1185216\/revisions\/1185638"}],"wp:attachment":[{"href":"https:\/\/ebuys.co\/da\/wp-json\/wp\/v2\/media?parent=1185216"}],"curies":[{"name":"wp","href":"https:\/\/api.w.org\/{rel}","templated":true}]}}