{"id":1185214,"date":"2023-04-20T11:47:35","date_gmt":"2023-04-20T11:47:35","guid":{"rendered":"http:\/\/ebuys.co\/om-os\/"},"modified":"2025-06-06T18:31:45","modified_gmt":"2025-06-06T18:31:45","slug":"om-os","status":"publish","type":"page","link":"https:\/\/ebuys.co\/da\/om-os\/","title":{"rendered":"Om os"},"content":{"rendered":"\t\t<div data-elementor-type=\"wp-page\" data-elementor-id=\"1185214\" class=\"elementor elementor-1185214 elementor-31\" data-elementor-post-type=\"page\">\n\t\t\t\t<div class=\"elementor-element elementor-element-9786fb6 e-flex e-con-boxed wd-section-disabled e-con e-parent\" data-id=\"9786fb6\" data-element_type=\"container\" data-e-type=\"container\">\n\t\t\t\t\t<div class=\"e-con-inner\">\n\t\t\t\t<div class=\"elementor-element elementor-element-2937cfd wd-single-breadcrumbs wd-breadcrumbs text-left elementor-widget elementor-widget-wd_wc_breadcrumb\" data-id=\"2937cfd\" data-element_type=\"widget\" data-e-type=\"widget\" data-widget_type=\"wd_wc_breadcrumb.default\">\n\t\t\t\t<div class=\"elementor-widget-container\">\n\t\t\t\t\t<nav class=\"woocommerce-breadcrumb\" aria-label=\"Breadcrumb\">\t\t\t\t<span class=\"breadcrumb-last\">\n\t\t\t\t\tForside\t\t\t\t<\/span>\n\t\t\t<\/nav>\t\t\t\t<\/div>\n\t\t\t\t<\/div>\n\t\t\t\t\t<\/div>\n\t\t\t\t<\/div>\n\t\t<div class=\"elementor-element elementor-element-005d5d6 e-flex e-con-boxed wd-section-disabled e-con e-parent\" data-id=\"005d5d6\" data-element_type=\"container\" data-e-type=\"container\">\n\t\t\t\t\t<div class=\"e-con-inner\">\n\t\t\t\t<div class=\"elementor-element elementor-element-a90ab46 elementor-widget elementor-widget-wd_text_block\" data-id=\"a90ab46\" data-element_type=\"widget\" data-e-type=\"widget\" data-widget_type=\"wd_text_block.default\">\n\t\t\t\t<div class=\"elementor-widget-container\">\n\t\t\t\t\t\t\t<div class=\"wd-text-block reset-last-child text-left\">\n\t\t\t\n\t\t\t<div>\n  <p><strong>Om Os \u2013 E-Buys<\/strong><\/p>\n  <p><strong>E-Buys \u2013 Tilbud der giver mening. Shopping der f\u00f8les rigtigt.<\/strong><\/p>\n\n  <p>Velkommen til E-Buys, din nye favoritdestination for smart og tilfredsstillende shopping. Vi er ikke bare en anden onlinebutik \u2013 vi er en bev\u00e6gelse bygget p\u00e5 v\u00e6rdi, tillid og bekvemmelighed. Uanset om du er p\u00e5 jagt efter teknologiske opgraderinger, stilfulde n\u00f8dvendigheder eller daglige must-haves, leverer E-Buys de m\u00e6rker, du elsker, til priser der faktisk giver mening.<\/p>\n\n  <p><strong>Hvorfor E-Buys?<\/strong><\/p>\n  <p>Fordi vi mener, at fantastiske produkter ikke skal koste en formue. Vi arbejder utr\u00e6tteligt sammen med p\u00e5lidelige leverand\u00f8rer og m\u00e6rker for at bringe dig eksklusive tilbud, du ikke finder andre steder. Fra elektronik i topklasse til livsstilsprodukter \u2013 alt vi tilbyder er n\u00f8je udvalgt for kvalitet og overkommelighed.<\/p>\n\n  <p><strong>Hurtigt. Sikkert. Problemfrit.<\/strong><\/p>\n  <p>Vi ved, at din tid og tillid er v\u00e6rdifulde. Derfor bliver hver eneste E-Buys-ordre sendt hurtigt, spores undervejs og pakkes med omhu. Og hvis noget ikke er helt som det skal v\u00e6re? Intet problem \u2013 vi har en enkel og stressfri returpolitik. Din tryghed er lige s\u00e5 vigtig som dine besparelser.<\/p>\n\n  <p><strong>Mere end en butik<\/strong><\/p>\n  <p>Vi bygger et f\u00e6llesskab af smarte shoppere, der s\u00e6tter pris p\u00e5 v\u00e6rdi uden at g\u00e5 p\u00e5 kompromis. N\u00e5r du handler hos E-Buys, scorer du ikke bare gode tilbud \u2013 du bliver en del af en ny slags shoppingoplevelse, hvor klarhed, tillid og kundeservice kommer i f\u00f8rste r\u00e6kke.<\/p>\n\n  <p>Lad os gent\u00e6nke den m\u00e5de, du shopper p\u00e5. Uanset om du opdaterer dit hjem, fornyer din garderobe eller leder efter den perfekte gave, er E-Buys her for at hj\u00e6lpe dig med at k\u00f8be bedre, bruge mindre og nyde mere. Slut dig til os p\u00e5 <a href=\"https:\/\/e-buys.com\" target=\"_blank\" rel=\"noopener noreferrer\">e-buys.com<\/a> og oplev gl\u00e6den ved at shoppe med mening.<\/p>\n\n  <p><strong>E-Buys \u2014 Hvor smarte valg m\u00f8der gode tilbud.<\/strong><\/p>\n<\/div>\n\n\t\t\t\t\t<\/div>\n\t\t\t\t\t\t<\/div>\n\t\t\t\t<\/div>\n\t\t\t\t\t<\/div>\n\t\t\t\t<\/div>\n\t\t\t\t<\/div>\n\t\t","protected":false},"excerpt":{"rendered":"<p>Home Om Os \u2013 E-Buys E-Buys \u2013 Tilbud der giver mening. Shopping der f\u00f8les rigtigt. Velkommen til E-Buys, din nye<\/p>\n","protected":false},"author":1,"featured_media":0,"parent":0,"menu_order":0,"comment_status":"closed","ping_status":"closed","template":"","meta":{"footnotes":""},"class_list":["post-1185214","page","type-page","status-publish","hentry"],"_links":{"self":[{"href":"https:\/\/ebuys.co\/da\/wp-json\/wp\/v2\/pages\/1185214","targetHints":{"allow":["GET"]}}],"collection":[{"href":"https:\/\/ebuys.co\/da\/wp-json\/wp\/v2\/pages"}],"about":[{"href":"https:\/\/ebuys.co\/da\/wp-json\/wp\/v2\/types\/page"}],"author":[{"embeddable":true,"href":"https:\/\/ebuys.co\/da\/wp-json\/wp\/v2\/users\/1"}],"replies":[{"embeddable":true,"href":"https:\/\/ebuys.co\/da\/wp-json\/wp\/v2\/comments?post=1185214"}],"version-history":[{"count":4,"href":"https:\/\/ebuys.co\/da\/wp-json\/wp\/v2\/pages\/1185214\/revisions"}],"predecessor-version":[{"id":1185646,"href":"https:\/\/ebuys.co\/da\/wp-json\/wp\/v2\/pages\/1185214\/revisions\/1185646"}],"wp:attachment":[{"href":"https:\/\/ebuys.co\/da\/wp-json\/wp\/v2\/media?parent=1185214"}],"curies":[{"name":"wp","href":"https:\/\/api.w.org\/{rel}","templated":true}]}}